{"id":324,"date":"2017-05-10T19:01:10","date_gmt":"2017-05-10T17:01:10","guid":{"rendered":"http:\/\/biodanza.ovh\/?page_id=324"},"modified":"2025-03-23T12:00:15","modified_gmt":"2025-03-23T11:00:15","slug":"association-biodanza-be","status":"publish","type":"page","link":"https:\/\/biodanza.be\/nl\/association-biodanza-be\/","title":{"rendered":"De Vereniging Biodanza.be"},"content":{"rendered":"De site biodanza.be waarop je nu surft is een creatie van de Belgische Vereniging van de Biodanza\u00ae Leraren.\r\n\r\n&nbsp;\r\n\r\n<strong>DOELSTELLING VAN DE VERENIGING<\/strong>\r\n\r\nDe vereniging biodanza.be heeft drie doelstellingen:\r\n<ul>\r\n \t<li>de affectieve verbinding en ondersteuning tussen de verschillende leden versterken,<\/li>\r\n \t<li>\r\n<div>de verspreiding van de Biodanza\u00ae methode &#8211; Systema Rolando Toro -,<\/div><\/li>\r\n \t<li>\r\n<div>het aanbieden van diensten aan haar leden voor de uitoefening van hun activiteiten.<\/div><\/li>\r\n<\/ul>\r\n&nbsp;\r\n\r\n<strong>FUNCTIONERING VAN DE VERENIGING<\/strong>\r\n\r\nOm aan te sluiten bij de vereniging moet je:\r\n<ul>\r\n \t<li>Biodanza leraar zijn of leerling onder supervisie<\/li>\r\n \t<li>De Biodanza opleiding gevolgd hebben in een erkende Biodanza school in Belgi\u00eb, of in Belgi\u00eb wonen, of in Belgi\u00eb uitoefenen<\/li>\r\n<\/ul>\r\n<div>\r\n\r\nIn mei 2023, bestaat de Raad van Bestuur uit 4 leden: An Van Hoornyck, Pascal Cambier, Robert Delbrouck en Suzy Abramski.\r\n\r\nDe Vereniging telt meer dan 70 leden.\r\n\r\nDe statuten van de vereniging: <a href=\"https:\/\/biodanza.be\/wp-content\/uploads\/2024\/03\/Gewijzigde-Statuten-2023-4-23-VZW-Biodanza.be_.pdf\" target=\"_blank\" rel=\"noopener\">Gewijzigde Statuten 2023-4-23 VZW Biodanza.be<\/a>\r\n\r\n&nbsp;\r\n\r\n<strong style=\"font-size: 1rem;\">DEONTOLOGISCHE AANBEVELINGEN VAN DE BELGISCHE VERENIGING<\/strong>\r\n\r\nDe Vereniging biodanza.be heeft in 2014 een werkgroep opgestart met de bedoeling een aantal deontologische aanbevelingen te formuleren ter attentie van haar leden en van de deelnemers aan de Biodanza-groepen.\r\nEen eerste offici\u00eble versie van die tekst werd in november 2015 verspreid naar de leden, na goedkeuring tijdens de AV.\r\nDe \u00ab deontologische aanbevelingen\u00a0\u00bb van de Belgische vereniging behandelen verscheidene onderwerpen: relaties onder leraren, relaties tussen leerlingen en leraren, permanente persoonlijke ontwikkeling, enz.\r\nJe kan het document hier raadplegen: <a href=\"https:\/\/biodanza.be\/wp-content\/uploads\/2025\/03\/Aanbevelingen-deontologie-Biodanza.be-V-2019.pdf\" target=\"_blank\" rel=\"noopener\">Aanbevelingen deontologie Biodanza.be &#8211; V 2019<\/a>\r\n\r\n&nbsp;\r\n\r\n<strong>CONTACTGEVENS VAN DE VERENIGING<\/strong>\r\n\r\nB<span id=\"result_box\" class=\"short_text\" lang=\"nl\" tabindex=\"-1\"><span class=\"\">edrijfsnummer<\/span><\/span>: 879.873.142\r\n<div class=\"content clear-block\">\r\n<h6>Hoofdkantoor Vereniging<\/h6>\r\nWellingtonlaan 8, 1180 Ukkel.\r\n<h6>Bankrekening<\/h6>\r\nBiodanza.be\r\nIBAN : <em>BE61 5230 8136 7517<\/em>\r\nBIC : TRIOBEBB\r\n\r\n&nbsp;\r\n\r\n<strong>AANSLUITEN BIJ DE VERENIGING<\/strong>\r\n<div>&#8211; Contact opnemen met <a>i&#110;&#102;&#x6f;&#x40;&#x62;i&#111;&#100;&#x61;&#x6e;&#x7a;a&#46;&#98;&#x65;<\/a><\/div>\r\n<div>\r\n\r\n&#8211; Een jaarlijkse bijdrage betalen: 60 \u20ac leraar, 30\u20ac student onder supervisie.\r\n\r\nBij de overschrijving, graag je naam en voornaam noteren in de vrije mededeling, zo weten wij welke leraar de bijdrage heeft betaald.\r\n\r\nWil je een ontvangsbewijs? Schrijf dan in hoofdletters \u201cONTVANGSTBEWIJS\u201d en je mailadres erbij.\r\n\r\nDankjewel!\r\n\r\n<\/div>\r\n<\/div>\r\n<\/div>\r\n&nbsp;\r\n\r\n&nbsp;","protected":false},"excerpt":{"rendered":"De site biodanza.be waarop je nu surft is een creatie van de Belgische Vereniging van de Biodanza\u00ae Leraren. &nbsp; DOELSTELLING VAN DE VERENIGING De vereniging biodanza.be heeft drie doelstellingen: de affectieve verbinding en ondersteuning tussen de verschillende leden versterken, de verspreiding van de Biodanza\u00ae methode &#8211; Systema Rolando Toro -, het aanbieden van diensten aan [&hellip;]","protected":false},"author":999,"featured_media":0,"parent":0,"menu_order":0,"comment_status":"closed","ping_status":"closed","template":"","meta":{"ocean_post_layout":"","ocean_both_sidebars_style":"","ocean_both_sidebars_content_width":0,"ocean_both_sidebars_sidebars_width":0,"ocean_sidebar":"0","ocean_second_sidebar":"0","ocean_disable_margins":"enable","ocean_add_body_class":"","ocean_shortcode_before_top_bar":"","ocean_shortcode_after_top_bar":"","ocean_shortcode_before_header":"","ocean_shortcode_after_header":"","ocean_has_shortcode":"","ocean_shortcode_after_title":"","ocean_shortcode_before_footer_widgets":"","ocean_shortcode_after_footer_widgets":"","ocean_shortcode_before_footer_bottom":"","ocean_shortcode_after_footer_bottom":"","ocean_display_top_bar":"default","ocean_display_header":"default","ocean_header_style":"","ocean_center_header_left_menu":"0","ocean_custom_header_template":"0","ocean_custom_logo":0,"ocean_custom_retina_logo":0,"ocean_custom_logo_max_width":0,"ocean_custom_logo_tablet_max_width":0,"ocean_custom_logo_mobile_max_width":0,"ocean_custom_logo_max_height":0,"ocean_custom_logo_tablet_max_height":0,"ocean_custom_logo_mobile_max_height":0,"ocean_header_custom_menu":"0","ocean_menu_typo_font_family":"0","ocean_menu_typo_font_subset":"","ocean_menu_typo_font_size":0,"ocean_menu_typo_font_size_tablet":0,"ocean_menu_typo_font_size_mobile":0,"ocean_menu_typo_font_size_unit":"px","ocean_menu_typo_font_weight":"","ocean_menu_typo_font_weight_tablet":"","ocean_menu_typo_font_weight_mobile":"","ocean_menu_typo_transform":"","ocean_menu_typo_transform_tablet":"","ocean_menu_typo_transform_mobile":"","ocean_menu_typo_line_height":0,"ocean_menu_typo_line_height_tablet":0,"ocean_menu_typo_line_height_mobile":0,"ocean_menu_typo_line_height_unit":"","ocean_menu_typo_spacing":0,"ocean_menu_typo_spacing_tablet":0,"ocean_menu_typo_spacing_mobile":0,"ocean_menu_typo_spacing_unit":"","ocean_menu_link_color":"","ocean_menu_link_color_hover":"","ocean_menu_link_color_active":"","ocean_menu_link_background":"","ocean_menu_link_hover_background":"","ocean_menu_link_active_background":"","ocean_menu_social_links_bg":"","ocean_menu_social_hover_links_bg":"","ocean_menu_social_links_color":"","ocean_menu_social_hover_links_color":"","ocean_disable_title":"default","ocean_disable_heading":"default","ocean_post_title":"","ocean_post_subheading":"","ocean_post_title_style":"","ocean_post_title_background_color":"","ocean_post_title_background":0,"ocean_post_title_bg_image_position":"","ocean_post_title_bg_image_attachment":"","ocean_post_title_bg_image_repeat":"","ocean_post_title_bg_image_size":"","ocean_post_title_height":0,"ocean_post_title_bg_overlay":0.5,"ocean_post_title_bg_overlay_color":"","ocean_disable_breadcrumbs":"default","ocean_breadcrumbs_color":"","ocean_breadcrumbs_separator_color":"","ocean_breadcrumbs_links_color":"","ocean_breadcrumbs_links_hover_color":"","ocean_display_footer_widgets":"default","ocean_display_footer_bottom":"default","ocean_custom_footer_template":"0","footnotes":""},"imc_layers":[],"imc_icons":[],"class_list":["post-324","page","type-page","status-publish","hentry","entry"],"translation":{"provider":"WPGlobus","version":"3.0.2","language":"nl","enabled_languages":["fr","nl"],"languages":{"fr":{"title":true,"content":true,"excerpt":false},"nl":{"title":true,"content":true,"excerpt":false}}},"imc_loc":"","imc_img_tag":null,"_links":{"self":[{"href":"https:\/\/biodanza.be\/nl\/wp-json\/wp\/v2\/pages\/324","targetHints":{"allow":["GET"]}}],"collection":[{"href":"https:\/\/biodanza.be\/nl\/wp-json\/wp\/v2\/pages"}],"about":[{"href":"https:\/\/biodanza.be\/nl\/wp-json\/wp\/v2\/types\/page"}],"author":[{"embeddable":true,"href":"https:\/\/biodanza.be\/nl\/wp-json\/wp\/v2\/users\/999"}],"replies":[{"embeddable":true,"href":"https:\/\/biodanza.be\/nl\/wp-json\/wp\/v2\/comments?post=324"}],"version-history":[{"count":61,"href":"https:\/\/biodanza.be\/nl\/wp-json\/wp\/v2\/pages\/324\/revisions"}],"predecessor-version":[{"id":38364,"href":"https:\/\/biodanza.be\/nl\/wp-json\/wp\/v2\/pages\/324\/revisions\/38364"}],"wp:attachment":[{"href":"https:\/\/biodanza.be\/nl\/wp-json\/wp\/v2\/media?parent=324"}],"wp:term":[{"taxonomy":"imc-layer","embeddable":true,"href":"https:\/\/biodanza.be\/nl\/wp-json\/wp\/v2\/imc_layers?post=324"},{"taxonomy":"imc-icon","embeddable":true,"href":"https:\/\/biodanza.be\/nl\/wp-json\/wp\/v2\/imc_icons?post=324"}],"curies":[{"name":"wp","href":"https:\/\/api.w.org\/{rel}","templated":true}]}}