{"id":33600,"date":"2022-01-05T23:38:12","date_gmt":"2022-01-05T22:38:12","guid":{"rendered":"https:\/\/biodanza.be\/?page_id=33600"},"modified":"2022-01-06T00:37:11","modified_gmt":"2022-01-05T23:37:11","slug":"page-accueil-inscription-nouvelle-activite","status":"publish","type":"page","link":"https:\/\/biodanza.be\/nl\/page-accueil-inscription-nouvelle-activite\/","title":{"rendered":"page accueil inscription nouvelle activit\u00e9"},"content":{"rendered":"<p style=\"text-align: left;\"><img loading=\"lazy\" decoding=\"async\" class=\"alignnone size-full wp-image-33618\" src=\"https:\/\/biodanza.be\/wp-content\/uploads\/2022\/01\/image-accueil-nouvelle-inscription-activite2.jpg\" alt=\"\" width=\"1200\" height=\"546\" \/><\/p>\r\n<p style=\"text-align: left; padding-left: 280px;\">Dans le menu vertical \u00e0 gauche de l&#8217;\u00e9cran:<br \/>\r\n&#8211; cliquer sur Calendarize it!<br \/>\r\n&#8211; cliquer sur Ajouter nouvel \u00e9v\u00e9nement<br \/>\r\n&#8211; dans la page ouverte, cliquer sur Visuel<br \/>\r\n&#8211; puis sur Insert Templates.<br \/>\r\nRentrer vos donn\u00e9es selon les instructions affich\u00e9es.<\/p>","protected":false},"excerpt":{"rendered":"Dans le menu vertical \u00e0 gauche de l&#8217;\u00e9cran: &#8211; cliquer sur Calendarize it! &#8211; cliquer sur Ajouter nouvel \u00e9v\u00e9nement &#8211; dans la page ouverte, cliquer sur Visuel &#8211; puis sur Insert Templates. Rentrer vos donn\u00e9es selon les instructions affich\u00e9es.","protected":false},"author":96,"featured_media":0,"parent":0,"menu_order":0,"comment_status":"closed","ping_status":"closed","template":"template-full-width.php","meta":{"ocean_post_layout":"","ocean_both_sidebars_style":"","ocean_both_sidebars_content_width":0,"ocean_both_sidebars_sidebars_width":0,"ocean_sidebar":"","ocean_second_sidebar":"","ocean_disable_margins":"enable","ocean_add_body_class":"","ocean_shortcode_before_top_bar":"","ocean_shortcode_after_top_bar":"","ocean_shortcode_before_header":"","ocean_shortcode_after_header":"","ocean_has_shortcode":"","ocean_shortcode_after_title":"","ocean_shortcode_before_footer_widgets":"","ocean_shortcode_after_footer_widgets":"","ocean_shortcode_before_footer_bottom":"","ocean_shortcode_after_footer_bottom":"","ocean_display_top_bar":"default","ocean_display_header":"default","ocean_header_style":"","ocean_center_header_left_menu":"","ocean_custom_header_template":"","ocean_custom_logo":0,"ocean_custom_retina_logo":0,"ocean_custom_logo_max_width":0,"ocean_custom_logo_tablet_max_width":0,"ocean_custom_logo_mobile_max_width":0,"ocean_custom_logo_max_height":0,"ocean_custom_logo_tablet_max_height":0,"ocean_custom_logo_mobile_max_height":0,"ocean_header_custom_menu":"","ocean_menu_typo_font_family":"","ocean_menu_typo_font_subset":"","ocean_menu_typo_font_size":0,"ocean_menu_typo_font_size_tablet":0,"ocean_menu_typo_font_size_mobile":0,"ocean_menu_typo_font_size_unit":"px","ocean_menu_typo_font_weight":"","ocean_menu_typo_font_weight_tablet":"","ocean_menu_typo_font_weight_mobile":"","ocean_menu_typo_transform":"","ocean_menu_typo_transform_tablet":"","ocean_menu_typo_transform_mobile":"","ocean_menu_typo_line_height":0,"ocean_menu_typo_line_height_tablet":0,"ocean_menu_typo_line_height_mobile":0,"ocean_menu_typo_line_height_unit":"","ocean_menu_typo_spacing":0,"ocean_menu_typo_spacing_tablet":0,"ocean_menu_typo_spacing_mobile":0,"ocean_menu_typo_spacing_unit":"","ocean_menu_link_color":"","ocean_menu_link_color_hover":"","ocean_menu_link_color_active":"","ocean_menu_link_background":"","ocean_menu_link_hover_background":"","ocean_menu_link_active_background":"","ocean_menu_social_links_bg":"","ocean_menu_social_hover_links_bg":"","ocean_menu_social_links_color":"","ocean_menu_social_hover_links_color":"","ocean_disable_title":"default","ocean_disable_heading":"default","ocean_post_title":"","ocean_post_subheading":"","ocean_post_title_style":"","ocean_post_title_background_color":"","ocean_post_title_background":0,"ocean_post_title_bg_image_position":"","ocean_post_title_bg_image_attachment":"","ocean_post_title_bg_image_repeat":"","ocean_post_title_bg_image_size":"","ocean_post_title_height":0,"ocean_post_title_bg_overlay":0.5,"ocean_post_title_bg_overlay_color":"","ocean_disable_breadcrumbs":"default","ocean_breadcrumbs_color":"","ocean_breadcrumbs_separator_color":"","ocean_breadcrumbs_links_color":"","ocean_breadcrumbs_links_hover_color":"","ocean_display_footer_widgets":"default","ocean_display_footer_bottom":"default","ocean_custom_footer_template":"","footnotes":""},"imc_layers":[],"imc_icons":[],"class_list":["post-33600","page","type-page","status-publish","hentry","entry"],"translation":{"provider":"WPGlobus","version":"3.0.2","language":"nl","enabled_languages":["fr","nl"],"languages":{"fr":{"title":true,"content":true,"excerpt":false},"nl":{"title":false,"content":false,"excerpt":false}}},"imc_loc":"","imc_img_tag":null,"_links":{"self":[{"href":"https:\/\/biodanza.be\/nl\/wp-json\/wp\/v2\/pages\/33600","targetHints":{"allow":["GET"]}}],"collection":[{"href":"https:\/\/biodanza.be\/nl\/wp-json\/wp\/v2\/pages"}],"about":[{"href":"https:\/\/biodanza.be\/nl\/wp-json\/wp\/v2\/types\/page"}],"author":[{"embeddable":true,"href":"https:\/\/biodanza.be\/nl\/wp-json\/wp\/v2\/users\/96"}],"replies":[{"embeddable":true,"href":"https:\/\/biodanza.be\/nl\/wp-json\/wp\/v2\/comments?post=33600"}],"version-history":[{"count":14,"href":"https:\/\/biodanza.be\/nl\/wp-json\/wp\/v2\/pages\/33600\/revisions"}],"predecessor-version":[{"id":34630,"href":"https:\/\/biodanza.be\/nl\/wp-json\/wp\/v2\/pages\/33600\/revisions\/34630"}],"wp:attachment":[{"href":"https:\/\/biodanza.be\/nl\/wp-json\/wp\/v2\/media?parent=33600"}],"wp:term":[{"taxonomy":"imc-layer","embeddable":true,"href":"https:\/\/biodanza.be\/nl\/wp-json\/wp\/v2\/imc_layers?post=33600"},{"taxonomy":"imc-icon","embeddable":true,"href":"https:\/\/biodanza.be\/nl\/wp-json\/wp\/v2\/imc_icons?post=33600"}],"curies":[{"name":"wp","href":"https:\/\/api.w.org\/{rel}","templated":true}]}}