{"id":48050,"date":"2024-01-10T22:29:35","date_gmt":"2024-01-10T21:29:35","guid":{"rendered":"https:\/\/biodanza.be\/?page_id=48050"},"modified":"2024-07-01T22:13:07","modified_gmt":"2024-07-01T20:13:07","slug":"musique-et-exercices-jp","status":"publish","type":"page","link":"https:\/\/biodanza.be\/nl\/musique-et-exercices-jp\/","title":{"rendered":"Muziek en oefeningen"},"content":{"rendered":"<center><br \/>\r\nLijsten met Biodanza muziek en oefeningen online beschikbaar<br \/>\r\n\u00a0<\/center>\r\n<table style=\"width: 100%;\">\r\n<tbody>\r\n<tr>\r\n<td style=\"padding-left: 10px;\">Offici\u00eble lijst van oefeningen Methodologie VII<\/td>\r\n<td style=\"text-align: center;\"><a href=\"https:\/\/biodanza.be\/wp-content\/uploads\/2024\/04\/Officiele_Lijst_Oefeningen_Biodanza-Methodologie-VII.pdf\" target=\"_blank\" rel=\"noopener\"><button class=\"button-action\" role=\"button\">Bekijken<\/button><\/a><\/td>\r\n<\/tr>\r\n<tr>\r\n<td style=\"padding-left: 10px;\">Lijst van Biodanza muziek en oefeningen IBF 01-21 (ES)<\/td>\r\n<td><center><a href=\"https:\/\/biodanza.be\/wp-content\/uploads\/2024\/01\/IBF-Catalogo-01-al-21.xlsx\"><button class=\"button-action\" role=\"button\">Downloaden<\/button><\/a><\/center><\/td>\r\n<\/tr>\r\n<tr>\r\n<td style=\"padding-left: 10px;\">Lijst van Biodanza muziek en oefeningen BA 01-83 (ES)<\/td>\r\n<td><center><a href=\"https:\/\/biodanza.be\/wp-content\/uploads\/2024\/01\/BA-Catalogo-01-al-83.xlsx\"><button class=\"button-action\" role=\"button\">Downloaden<\/button><\/a><\/center><\/td>\r\n<\/tr>\r\n<tr>\r\n<td style=\"padding-left: 10px;\">\r\n<p>Catalogus CIMEB 2016 H\u00e9l\u00e8ne Levy Benseft (FR)<\/p>\r\n<\/td>\r\n<td style=\"text-align: center;\"><a href=\"https:\/\/biodanza.be\/wp-content\/uploads\/2024\/05\/Catalogue_HLB_REVISION__010417-3.pdf\" target=\"_blank\" rel=\"noopener\"><button class=\"button-action\" role=\"button\">Bekijken<\/button><\/a><\/td>\r\n<\/tr>\r\n<tr>\r\n<td style=\"padding-left: 10px;\">\r\n<p>Lijst van nieuwe dansen\/oefeningen toegevoegd aan Biodanza - 2018 catalogus in het Engels<\/p>\r\n<p>This catalogue is not officially approved by IBFed. Keep in mind that before facilitating a new dance it is important that you have experienced it yourself.<\/p>\r\n<\/td>\r\n<td><center><a href=\"https:\/\/biodanza.be\/wp-content\/uploads\/2024\/01\/CIMEB-2018-Additional-exercises.pdf\" target=\"_blank\" rel=\"noopener\"><button class=\"button-action\" role=\"button\">Bekijken<\/button><\/a><\/center><\/td>\r\n<\/tr>\r\n<tr>\r\n<td style=\"padding-left: 10px;\">\r\n<p>Lijst van nieuwe dansen\/oefeningen toegevoegd aan Biodanza - 2018 catalogus in het Frans<\/p>\r\n<p>Ce catalogue n'a pas \u00e9t\u00e9 officiellement approuv\u00e9 par l'IBFed. Gardez \u00e0 l'esprit qu'avant d'animer une nouvelle danse, il est important que vous l'ayez exp\u00e9riment\u00e9e vous-m\u00eame.<\/p>\r\n<\/td>\r\n<td><center><a href=\"https:\/\/biodanza.be\/wp-content\/uploads\/2024\/01\/CIMEB-BA-2018-Francais.pdf\" target=\"_blank\" rel=\"noopener\"><button class=\"button-action\" role=\"button\">Bekijken<\/button><\/a><\/center><\/td>\r\n<\/tr>\r\n<tr>\r\n<td style=\"padding-left: 10px;\">\r\n<p>Muziek collecties IBF 01-21 en BA 01-83<\/p>\r\n<\/td>\r\n<td><center><a href=\"https:\/\/drive.google.com\/drive\/folders\/1RgaRV_Tycumm-mmRTEUXpKdkyAZtJA8t\" target=\"_blank\" rel=\"noopener\"><button class=\"button-action\" role=\"button\">Bekijken<\/button><\/a><\/center><\/td>\r\n<\/tr>\r\n<tr>\r\n<td style=\"padding-left: 10px;\">\r\n<p>Video's Demonstratie en uitleg nieuwe dansen CIMEB 2018<\/p>\r\n<p><em>Paswoord: <\/em><span lang=\"EN-US\"><em>Methodological<\/em><u><\/u><u><\/u><\/span><\/p>\r\n<\/td>\r\n<td>\r\n<p><center><a href=\"https:\/\/vimeo.com\/showcase\/7954444\" target=\"_blank\" rel=\"noopener\"><button class=\"button-action\" role=\"button\">Deel 1<\/button><\/a><\/center><\/p>\r\n<p><center><a href=\"https:\/\/vimeo.com\/showcase\/8250585\" target=\"_blank\" rel=\"noopener\"><button class=\"button-action\" role=\"button\">Deel 2<\/button><\/a><\/center><\/p>\r\n<\/td>\r\n<\/tr>\r\n<\/tbody>\r\n<\/table>\r\n<p>&nbsp;<\/p>\r\n<p>&nbsp;<\/p>","protected":false},"excerpt":{"rendered":"Lijsten met Biodanza muziek en oefeningen online beschikbaar \u00a0 Offici\u00eble lijst van oefeningen Methodologie VII Bekijken Lijst van Biodanza muziek en oefeningen IBF 01-21 (ES) Downloaden Lijst van Biodanza muziek en oefeningen BA 01-83 (ES) Downloaden Catalogus CIMEB 2016 H\u00e9l\u00e8ne Levy Benseft (FR) Bekijken Lijst van nieuwe dansen\/oefeningen toegevoegd aan Biodanza - 2018 catalogus in [&hellip;]","protected":false},"author":96,"featured_media":0,"parent":0,"menu_order":0,"comment_status":"closed","ping_status":"closed","template":"","meta":{"ocean_post_layout":"","ocean_both_sidebars_style":"","ocean_both_sidebars_content_width":0,"ocean_both_sidebars_sidebars_width":0,"ocean_sidebar":"0","ocean_second_sidebar":"0","ocean_disable_margins":"enable","ocean_add_body_class":"","ocean_shortcode_before_top_bar":"","ocean_shortcode_after_top_bar":"","ocean_shortcode_before_header":"","ocean_shortcode_after_header":"","ocean_has_shortcode":"","ocean_shortcode_after_title":"","ocean_shortcode_before_footer_widgets":"","ocean_shortcode_after_footer_widgets":"","ocean_shortcode_before_footer_bottom":"","ocean_shortcode_after_footer_bottom":"","ocean_display_top_bar":"default","ocean_display_header":"default","ocean_header_style":"","ocean_center_header_left_menu":"0","ocean_custom_header_template":"0","ocean_custom_logo":0,"ocean_custom_retina_logo":0,"ocean_custom_logo_max_width":0,"ocean_custom_logo_tablet_max_width":0,"ocean_custom_logo_mobile_max_width":0,"ocean_custom_logo_max_height":0,"ocean_custom_logo_tablet_max_height":0,"ocean_custom_logo_mobile_max_height":0,"ocean_header_custom_menu":"0","ocean_menu_typo_font_family":"0","ocean_menu_typo_font_subset":"","ocean_menu_typo_font_size":0,"ocean_menu_typo_font_size_tablet":0,"ocean_menu_typo_font_size_mobile":0,"ocean_menu_typo_font_size_unit":"px","ocean_menu_typo_font_weight":"","ocean_menu_typo_font_weight_tablet":"","ocean_menu_typo_font_weight_mobile":"","ocean_menu_typo_transform":"","ocean_menu_typo_transform_tablet":"","ocean_menu_typo_transform_mobile":"","ocean_menu_typo_line_height":0,"ocean_menu_typo_line_height_tablet":0,"ocean_menu_typo_line_height_mobile":0,"ocean_menu_typo_line_height_unit":"","ocean_menu_typo_spacing":0,"ocean_menu_typo_spacing_tablet":0,"ocean_menu_typo_spacing_mobile":0,"ocean_menu_typo_spacing_unit":"","ocean_menu_link_color":"","ocean_menu_link_color_hover":"","ocean_menu_link_color_active":"","ocean_menu_link_background":"","ocean_menu_link_hover_background":"","ocean_menu_link_active_background":"","ocean_menu_social_links_bg":"","ocean_menu_social_hover_links_bg":"","ocean_menu_social_links_color":"","ocean_menu_social_hover_links_color":"","ocean_disable_title":"default","ocean_disable_heading":"default","ocean_post_title":"","ocean_post_subheading":"","ocean_post_title_style":"","ocean_post_title_background_color":"","ocean_post_title_background":0,"ocean_post_title_bg_image_position":"","ocean_post_title_bg_image_attachment":"","ocean_post_title_bg_image_repeat":"","ocean_post_title_bg_image_size":"","ocean_post_title_height":0,"ocean_post_title_bg_overlay":0.5,"ocean_post_title_bg_overlay_color":"","ocean_disable_breadcrumbs":"default","ocean_breadcrumbs_color":"","ocean_breadcrumbs_separator_color":"","ocean_breadcrumbs_links_color":"","ocean_breadcrumbs_links_hover_color":"","ocean_display_footer_widgets":"default","ocean_display_footer_bottom":"default","ocean_custom_footer_template":"0","footnotes":""},"imc_layers":[],"imc_icons":[],"class_list":["post-48050","page","type-page","status-publish","hentry","entry"],"translation":{"provider":"WPGlobus","version":"3.0.2","language":"nl","enabled_languages":["fr","nl"],"languages":{"fr":{"title":true,"content":true,"excerpt":false},"nl":{"title":true,"content":true,"excerpt":false}}},"imc_loc":"","imc_img_tag":null,"_links":{"self":[{"href":"https:\/\/biodanza.be\/nl\/wp-json\/wp\/v2\/pages\/48050","targetHints":{"allow":["GET"]}}],"collection":[{"href":"https:\/\/biodanza.be\/nl\/wp-json\/wp\/v2\/pages"}],"about":[{"href":"https:\/\/biodanza.be\/nl\/wp-json\/wp\/v2\/types\/page"}],"author":[{"embeddable":true,"href":"https:\/\/biodanza.be\/nl\/wp-json\/wp\/v2\/users\/96"}],"replies":[{"embeddable":true,"href":"https:\/\/biodanza.be\/nl\/wp-json\/wp\/v2\/comments?post=48050"}],"version-history":[{"count":47,"href":"https:\/\/biodanza.be\/nl\/wp-json\/wp\/v2\/pages\/48050\/revisions"}],"predecessor-version":[{"id":52444,"href":"https:\/\/biodanza.be\/nl\/wp-json\/wp\/v2\/pages\/48050\/revisions\/52444"}],"wp:attachment":[{"href":"https:\/\/biodanza.be\/nl\/wp-json\/wp\/v2\/media?parent=48050"}],"wp:term":[{"taxonomy":"imc-layer","embeddable":true,"href":"https:\/\/biodanza.be\/nl\/wp-json\/wp\/v2\/imc_layers?post=48050"},{"taxonomy":"imc-icon","embeddable":true,"href":"https:\/\/biodanza.be\/nl\/wp-json\/wp\/v2\/imc_icons?post=48050"}],"curies":[{"name":"wp","href":"https:\/\/api.w.org\/{rel}","templated":true}]}}