{"id":48174,"date":"2024-01-13T20:01:16","date_gmt":"2024-01-13T19:01:16","guid":{"rendered":"https:\/\/biodanza.be\/?page_id=48174"},"modified":"2024-01-14T20:06:33","modified_gmt":"2024-01-14T19:06:33","slug":"page-daccueil-new-jp-2024","status":"publish","type":"page","link":"https:\/\/biodanza.be\/nl\/page-daccueil-new-jp-2024\/","title":{"rendered":"page accueil-new2024-01-jp"},"content":{"rendered":"<div>\r\n<div class=\"split left\">\r\n<div class=\"centered\">\r\n    <img decoding=\"async\" src=\"https:\/\/biodanza.be\/wp-content\/uploads\/2022\/10\/biodanza-dans-allen.jpg\"><\/p>\r\n<h2>Biodanza<\/h2>\r\n<p>D\u00e9couvrir la Biodanza.<\/p>\r\n<p><span style=\"color:turquoise\"; \"font-style:italic\">\u00ab Le corps est une unit\u00e9 dans laquelle la s\u00e9paration de la mati\u00e8re et de l'\u00e9nergie est impensable. \u00bb \u00ab La premi\u00e8re connaissance du monde, ant\u00e9rieure \u00e0 la parole, est la connaissance par le mouvement. La danse est donc un mode d'\u00eatre au monde, l'expression de l'unit\u00e9 organique de l'\u00eatre humain avec l'univers. \u00bb processus de d\u00e9couverte de soi par la danse et la rencontre . (Rolando Toro)<\/span><\/p>\r\n<p><img decoding=\"async\" src=\"https:\/\/biodanza.be\/wp-content\/uploads\/2022\/10\/biodanza-dans-allen.jpg\"><\/p>\r\n<h2>Danser ...<\/h2>\r\n<p><span style=\"color:white\"; \"font-style:italic\">...Quand, O\u00f9, avec quel Facilitatrice\/eur.<\/span><\/p>\r\n<\/p>\r\n<\/div>\r\n<\/div>\r\n<div class=\"split middle\">\r\n<div class=\"centered\">\r\n    <img decoding=\"async\" src=\"img_avatar2.png\" alt=\"Avatar woman\"><\/p>\r\n<h2>Brit Flex<\/h2>\r\n<p>Some text (colonne centrale).<\/p>\r\n<\/p>\r\n<\/div>\r\n<\/div>\r\n<div class=\"split right\">\r\n<div class=\"centered\">\r\n    <img decoding=\"async\" src=\"https:\/\/biodanza.be\/wp-content\/uploads\/2022\/10\/biodanza-dans-allen.jpg\"><\/p>\r\n<h2>A.S.B.L<\/h2>\r\n<p>Some text here.<\/p>\r\n<p>    <img decoding=\"async\" src=\"https:\/\/biodanza.be\/wp-content\/uploads\/2022\/10\/biodanza-dans-allen.jpg\"><\/p>\r\n<\/p>\r\n<h2>Contact<\/h2>\r\n<p>Some text.<\/p>\r\n<\/p>\r\n<\/div>\r\n<\/div>\r\n<\/div>\r\n<div class=\"split-bas left-bas\">\r\n<div class=\"centered\">\r\n    <img decoding=\"async\" src=\"https:\/\/biodanza.be\/wp-content\/uploads\/2023\/08\/IMG_20230712_191449-scaled.jpg\" width=\"320\"  heigth=\"240\"><\/p>\r\n<h2>Outils pour les Facilitatrices\/teurs<\/h2>\r\n<p>Vid\u00e9os, manuels et autres publications sont disponibles en ligne pour vous.<\/p>\r\n<\/p>\r\n<\/div>\r\n<\/div>\r\n<p><!--div class=\"split-bas right-bas\">\r\n\r\n\r\n\r\n\r\n<div class=\"centered\">\r\n    <img decoding=\"async\" src=\"img_avatar.png\" alt=\"Avatar man\"><\/p>\r\n\r\n\r\n\r\n\r\n\r\n\r\n\r\n\r\n<h2>Split-bas<\/h2>\r\n\r\n\r\n\r\n\r\n\r\n\r\n\r\n\r\n<p>Some text.<\/p>\r\n\r\n\r\n\r\n\r\n<\/p>\r\n\r\n\r\n\r\n\r\n<\/div--!>\r\n<\/div>\r\n\r\n\r\n\r\n\r\n\r\n\r\n\r\n\r\n<p><\/body><br \/>\r\n<\/html><\/p>\r\n\r\n\r\n\r\n\r\n<\/p>\r\n\r\n\r\n<\/p>","protected":false},"excerpt":{"rendered":"Biodanza D\u00e9couvrir la Biodanza. \u00ab Le corps est une unit\u00e9 dans laquelle la s\u00e9paration de la mati\u00e8re et de l'\u00e9nergie est impensable. \u00bb \u00ab La premi\u00e8re connaissance du monde, ant\u00e9rieure \u00e0 la parole, est la connaissance par le mouvement. La danse est donc un mode d'\u00eatre au monde, l'expression de l'unit\u00e9 organique de l'\u00eatre humain [&hellip;]","protected":false},"author":96,"featured_media":0,"parent":0,"menu_order":0,"comment_status":"closed","ping_status":"closed","template":"","meta":{"ocean_post_layout":"","ocean_both_sidebars_style":"","ocean_both_sidebars_content_width":0,"ocean_both_sidebars_sidebars_width":0,"ocean_sidebar":"","ocean_second_sidebar":"","ocean_disable_margins":"enable","ocean_add_body_class":"","ocean_shortcode_before_top_bar":"","ocean_shortcode_after_top_bar":"","ocean_shortcode_before_header":"","ocean_shortcode_after_header":"","ocean_has_shortcode":"","ocean_shortcode_after_title":"","ocean_shortcode_before_footer_widgets":"","ocean_shortcode_after_footer_widgets":"","ocean_shortcode_before_footer_bottom":"","ocean_shortcode_after_footer_bottom":"","ocean_display_top_bar":"default","ocean_display_header":"default","ocean_header_style":"","ocean_center_header_left_menu":"","ocean_custom_header_template":"","ocean_custom_logo":0,"ocean_custom_retina_logo":0,"ocean_custom_logo_max_width":0,"ocean_custom_logo_tablet_max_width":0,"ocean_custom_logo_mobile_max_width":0,"ocean_custom_logo_max_height":0,"ocean_custom_logo_tablet_max_height":0,"ocean_custom_logo_mobile_max_height":0,"ocean_header_custom_menu":"","ocean_menu_typo_font_family":"","ocean_menu_typo_font_subset":"","ocean_menu_typo_font_size":0,"ocean_menu_typo_font_size_tablet":0,"ocean_menu_typo_font_size_mobile":0,"ocean_menu_typo_font_size_unit":"px","ocean_menu_typo_font_weight":"","ocean_menu_typo_font_weight_tablet":"","ocean_menu_typo_font_weight_mobile":"","ocean_menu_typo_transform":"","ocean_menu_typo_transform_tablet":"","ocean_menu_typo_transform_mobile":"","ocean_menu_typo_line_height":0,"ocean_menu_typo_line_height_tablet":0,"ocean_menu_typo_line_height_mobile":0,"ocean_menu_typo_line_height_unit":"","ocean_menu_typo_spacing":0,"ocean_menu_typo_spacing_tablet":0,"ocean_menu_typo_spacing_mobile":0,"ocean_menu_typo_spacing_unit":"","ocean_menu_link_color":"","ocean_menu_link_color_hover":"","ocean_menu_link_color_active":"","ocean_menu_link_background":"","ocean_menu_link_hover_background":"","ocean_menu_link_active_background":"","ocean_menu_social_links_bg":"","ocean_menu_social_hover_links_bg":"","ocean_menu_social_links_color":"","ocean_menu_social_hover_links_color":"","ocean_disable_title":"default","ocean_disable_heading":"default","ocean_post_title":"","ocean_post_subheading":"","ocean_post_title_style":"","ocean_post_title_background_color":"","ocean_post_title_background":0,"ocean_post_title_bg_image_position":"","ocean_post_title_bg_image_attachment":"","ocean_post_title_bg_image_repeat":"","ocean_post_title_bg_image_size":"","ocean_post_title_height":0,"ocean_post_title_bg_overlay":0.5,"ocean_post_title_bg_overlay_color":"","ocean_disable_breadcrumbs":"default","ocean_breadcrumbs_color":"","ocean_breadcrumbs_separator_color":"","ocean_breadcrumbs_links_color":"","ocean_breadcrumbs_links_hover_color":"","ocean_display_footer_widgets":"default","ocean_display_footer_bottom":"default","ocean_custom_footer_template":"","footnotes":""},"imc_layers":[],"imc_icons":[],"class_list":["post-48174","page","type-page","status-publish","hentry","entry"],"translation":{"provider":"WPGlobus","version":"3.0.2","language":"nl","enabled_languages":["fr","nl"],"languages":{"fr":{"title":true,"content":true,"excerpt":false},"nl":{"title":false,"content":false,"excerpt":false}}},"imc_loc":"","imc_img_tag":null,"_links":{"self":[{"href":"https:\/\/biodanza.be\/nl\/wp-json\/wp\/v2\/pages\/48174","targetHints":{"allow":["GET"]}}],"collection":[{"href":"https:\/\/biodanza.be\/nl\/wp-json\/wp\/v2\/pages"}],"about":[{"href":"https:\/\/biodanza.be\/nl\/wp-json\/wp\/v2\/types\/page"}],"author":[{"embeddable":true,"href":"https:\/\/biodanza.be\/nl\/wp-json\/wp\/v2\/users\/96"}],"replies":[{"embeddable":true,"href":"https:\/\/biodanza.be\/nl\/wp-json\/wp\/v2\/comments?post=48174"}],"version-history":[{"count":10,"href":"https:\/\/biodanza.be\/nl\/wp-json\/wp\/v2\/pages\/48174\/revisions"}],"predecessor-version":[{"id":48176,"href":"https:\/\/biodanza.be\/nl\/wp-json\/wp\/v2\/pages\/48174\/revisions\/48176"}],"wp:attachment":[{"href":"https:\/\/biodanza.be\/nl\/wp-json\/wp\/v2\/media?parent=48174"}],"wp:term":[{"taxonomy":"imc-layer","embeddable":true,"href":"https:\/\/biodanza.be\/nl\/wp-json\/wp\/v2\/imc_layers?post=48174"},{"taxonomy":"imc-icon","embeddable":true,"href":"https:\/\/biodanza.be\/nl\/wp-json\/wp\/v2\/imc_icons?post=48174"}],"curies":[{"name":"wp","href":"https:\/\/api.w.org\/{rel}","templated":true}]}}