{"id":48339,"date":"2024-01-16T21:47:51","date_gmt":"2024-01-16T20:47:51","guid":{"rendered":"https:\/\/biodanza.be\/page-accueil-new2024-02-jp-2\/"},"modified":"2024-01-23T01:56:09","modified_gmt":"2024-01-23T00:56:09","slug":"page-accueil-new2024-03-jp","status":"publish","type":"page","link":"https:\/\/biodanza.be\/nl\/page-accueil-new2024-03-jp\/","title":{"rendered":"page accueil-new2024-03-jp"},"content":{"rendered":"<div class=\"zone1\">\r\n<div><img loading=\"lazy\" decoding=\"async\" src=\"https:\/\/biodanza.be\/wp-content\/uploads\/2017\/11\/logo-be-v2-300x226.png\" alt=\"logo\" width=\"120\" height=\"90\" \/><\/div>\r\n<div class=\"center1a\">Biodanza.be<\/div>\r\n<div class=\"center1b\">\r\nUn site pour les gens qui cherchent un cours de Biodanza<\/div>\r\n<div class=\"center1a\">\r\n<img decoding=\"async\" src=\"https:\/\/biodanza.be\/wp-content\/uploads\/2024\/01\/icone-menu-01.png\" width=\"40%\" height=\"auto\" \/><\/div>\r\n<\/div>\r\n<div class=\"zone2\">\r\n<div class=\"titre-sur-img\">Calendrier<br \/>\r\n<img decoding=\"async\" src=\"https:\/\/biodanza.be\/wp-content\/uploads\/2024\/01\/Capture-ecran-calendrier-300x197.png\" alt=\"\" width=\"75%\" height=\"auto\" \/><\/p>\r\n<div class=\"texte-sous-img\">Un calendrier regroupant tous les \u00e9v\u00e8nements et vous montrant un groupe hebdomadaire (d\u00e9butant ou avanc\u00e9) pr\u00e8s de chez vous, un stage qui pourrait vous int\u00e9resser ou toute autre activit\u00e9 de Biodanza.<br \/><a href=\"https:\/\/biodanza.be\/?p=32476\" >Consulter le Calendrier >><\/a><\/div>\r\n<\/div>\r\n<div><style type=\"text\/css\">\n#foogallery-gallery-48324 .fg-image { width: 460px; }<\/style>\n\t\t\t<div class=\"foogallery foogallery-container foogallery-carousel foogallery-lightbox-foogallery fg-carousel-hide-nav-arrows fg-carousel-hide-progress-bar fg-carousel fg-ready fg-light fg-border-thin fg-round-medium fg-shadow-outline fg-loaded-fade-in fg-caption-hover fg-hover-fade fg-hover-zoom fg-light-overlays\" id=\"foogallery-gallery-48324\" data-foogallery=\"{&quot;item&quot;:{&quot;showCaptionTitle&quot;:true,&quot;showCaptionDescription&quot;:true},&quot;lazy&quot;:true,&quot;template&quot;:{&quot;maxItems&quot;:1,&quot;scale&quot;:0.25,&quot;gutter&quot;:{&quot;min&quot;:-40,&quot;max&quot;:-20,&quot;unit&quot;:&quot;%&quot;},&quot;autoplay&quot;:{&quot;time&quot;:6,&quot;interaction&quot;:&quot;pause&quot;},&quot;centerOnClick&quot;:true,&quot;align&quot;:&quot;center&quot;,&quot;activePosition&quot;:&quot;center&quot;}}\" data-foogallery-lightbox=\"{&quot;theme&quot;:&quot;fg-light&quot;,&quot;thumbs&quot;:&quot;bottom&quot;,&quot;thumbsCaptions&quot;:false,&quot;thumbsBestFit&quot;:false,&quot;thumbsSmall&quot;:false,&quot;thumbsCaptionsAlign&quot;:&quot;default&quot;,&quot;info&quot;:&quot;bottom&quot;,&quot;infoVisible&quot;:true,&quot;infoOverlay&quot;:true,&quot;infoAlign&quot;:&quot;default&quot;,&quot;transition&quot;:&quot;fade&quot;,&quot;autoProgress&quot;:10,&quot;autoProgressStart&quot;:true,&quot;hoverButtons&quot;:false,&quot;fitMedia&quot;:true,&quot;noScrollbars&quot;:true,&quot;preserveButtonSpace&quot;:true,&quot;buttons&quot;:{&quot;fullscreen&quot;:true,&quot;info&quot;:true,&quot;thumbs&quot;:false},&quot;video&quot;:{&quot;autoPlay&quot;:true}}\" style=\"--fg-title-line-clamp: 0; --fg-description-line-clamp: 0;\" >\n\t<button type=\"button\" class=\"fg-carousel-prev\" title=\"Vorige\"><\/button>\n\t<div class=\"fg-carousel-inner\">\n\t\t<div class=\"fg-carousel-center\"><\/div>\n\t\t<div class=\"fg-item fg-type-image fg-idle\"><figure class=\"fg-item-inner\"><a href=\"https:\/\/biodanza.be\/wp-content\/uploads\/2023\/11\/Biodanza_groep_Djoelen_kopie.jpg\" data-attachment-id=\"47090\" data-type=\"image\" class=\"fg-thumb\"><span class=\"fg-image-wrap\"><img fetchpriority=\"high\" decoding=\"async\" width=\"460\" height=\"306\" class=\"skip-lazy fg-image\" data-src-fg=\"https:\/\/biodanza.be\/wp-content\/uploads\/cache\/2023\/11\/Biodanza_groep_Djoelen_kopie\/3598060402.jpg\" src=\"data:image\/svg+xml,%3Csvg%20xmlns%3D%22http%3A%2F%2Fwww.w3.org%2F2000%2Fsvg%22%20width%3D%22460%22%20height%3D%22306%22%20viewBox%3D%220%200%20460%20306%22%3E%3C%2Fsvg%3E\" loading=\"eager\"><\/span><span class=\"fg-image-overlay\"><\/span><\/a><\/figure><div class=\"fg-loader\"><\/div><\/div><div class=\"fg-item fg-type-image fg-idle\"><figure class=\"fg-item-inner\"><a href=\"https:\/\/biodanza.be\/wp-content\/uploads\/2024\/01\/biodanza-dans-allen-460x306-1.jpg\" data-attachment-id=\"48858\" data-type=\"image\" class=\"fg-thumb\"><span class=\"fg-image-wrap\"><img decoding=\"async\" width=\"460\" height=\"306\" class=\"skip-lazy fg-image\" data-src-fg=\"https:\/\/biodanza.be\/wp-content\/uploads\/cache\/2024\/01\/biodanza-dans-allen-460x306-1\/3018745677.jpg\" src=\"data:image\/svg+xml,%3Csvg%20xmlns%3D%22http%3A%2F%2Fwww.w3.org%2F2000%2Fsvg%22%20width%3D%22460%22%20height%3D%22306%22%20viewBox%3D%220%200%20460%20306%22%3E%3C%2Fsvg%3E\" loading=\"eager\"><\/span><span class=\"fg-image-overlay\"><\/span><\/a><\/figure><div class=\"fg-loader\"><\/div><\/div><div class=\"fg-item fg-type-image fg-idle\"><figure class=\"fg-item-inner\"><a href=\"https:\/\/biodanza.be\/wp-content\/uploads\/2022\/08\/A-way-to-harmony-HD-289-scaled.jpg\" data-attachment-id=\"39493\" data-type=\"image\" class=\"fg-thumb\"><span class=\"fg-image-wrap\"><img decoding=\"async\" width=\"460\" height=\"306\" class=\"skip-lazy fg-image\" data-src-fg=\"https:\/\/biodanza.be\/wp-content\/uploads\/cache\/2022\/08\/A-way-to-harmony-HD-289-scaled\/1627117794.jpg\" src=\"data:image\/svg+xml,%3Csvg%20xmlns%3D%22http%3A%2F%2Fwww.w3.org%2F2000%2Fsvg%22%20width%3D%22460%22%20height%3D%22306%22%20viewBox%3D%220%200%20460%20306%22%3E%3C%2Fsvg%3E\" loading=\"eager\"><\/span><span class=\"fg-image-overlay\"><\/span><\/a><\/figure><div class=\"fg-loader\"><\/div><\/div><div class=\"fg-item fg-type-image fg-idle\"><figure class=\"fg-item-inner\"><a href=\"https:\/\/biodanza.be\/wp-content\/uploads\/2022\/08\/A-way-to-harmony-HD-299-scaled.jpg\" data-attachment-id=\"39479\" data-type=\"image\" class=\"fg-thumb\"><span class=\"fg-image-wrap\"><img decoding=\"async\" width=\"460\" height=\"306\" class=\"skip-lazy fg-image\" data-src-fg=\"https:\/\/biodanza.be\/wp-content\/uploads\/cache\/2022\/08\/A-way-to-harmony-HD-299-scaled\/1347930706.jpg\" src=\"data:image\/svg+xml,%3Csvg%20xmlns%3D%22http%3A%2F%2Fwww.w3.org%2F2000%2Fsvg%22%20width%3D%22460%22%20height%3D%22306%22%20viewBox%3D%220%200%20460%20306%22%3E%3C%2Fsvg%3E\" loading=\"eager\"><\/span><span class=\"fg-image-overlay\"><\/span><\/a><\/figure><div class=\"fg-loader\"><\/div><\/div><div class=\"fg-item fg-type-image fg-idle\"><figure class=\"fg-item-inner\"><a href=\"https:\/\/biodanza.be\/wp-content\/uploads\/2019\/05\/dans-spanje-1.jpg\" data-attachment-id=\"16406\" data-type=\"image\" class=\"fg-thumb\"><span class=\"fg-image-wrap\"><img decoding=\"async\" width=\"460\" height=\"306\" class=\"skip-lazy fg-image\" data-src-fg=\"https:\/\/biodanza.be\/wp-content\/uploads\/cache\/2019\/05\/dans-spanje-1\/562471917.jpg\" src=\"data:image\/svg+xml,%3Csvg%20xmlns%3D%22http%3A%2F%2Fwww.w3.org%2F2000%2Fsvg%22%20width%3D%22460%22%20height%3D%22306%22%20viewBox%3D%220%200%20460%20306%22%3E%3C%2Fsvg%3E\" loading=\"eager\"><\/span><span class=\"fg-image-overlay\"><\/span><\/a><\/figure><div class=\"fg-loader\"><\/div><\/div><div class=\"fg-item fg-type-image fg-idle\"><figure class=\"fg-item-inner\"><a href=\"https:\/\/biodanza.be\/wp-content\/uploads\/2017\/05\/MG_5390.jpg\" data-caption-title=\"cr\u00e9dit photo : Serge Marcelis\" data-attachment-id=\"1637\" data-type=\"image\" class=\"fg-thumb\"><span class=\"fg-image-wrap\"><img decoding=\"async\" title=\"cr\u00e9dit photo : Serge Marcelis\" width=\"460\" height=\"306\" class=\"skip-lazy fg-image\" data-src-fg=\"https:\/\/biodanza.be\/wp-content\/uploads\/cache\/2017\/05\/MG_5390\/1778300250.jpg\" src=\"data:image\/svg+xml,%3Csvg%20xmlns%3D%22http%3A%2F%2Fwww.w3.org%2F2000%2Fsvg%22%20width%3D%22460%22%20height%3D%22306%22%20viewBox%3D%220%200%20460%20306%22%3E%3C%2Fsvg%3E\" loading=\"eager\"><\/span><span class=\"fg-image-overlay\"><\/span><\/a><figcaption class=\"fg-caption\"><div class=\"fg-caption-inner\"><div class=\"fg-caption-title\">cr\u00e9dit photo : Serge Marcelis<\/div><\/div><\/figcaption><\/figure><div class=\"fg-loader\"><\/div><\/div><div class=\"fg-item fg-type-image fg-idle\"><figure class=\"fg-item-inner\"><a href=\"https:\/\/biodanza.be\/wp-content\/uploads\/2017\/06\/cropped-FS1512-DSC0244.jpg\" data-attachment-id=\"871\" data-type=\"image\" class=\"fg-thumb\"><span class=\"fg-image-wrap\"><img decoding=\"async\" width=\"460\" height=\"306\" class=\"skip-lazy fg-image\" data-src-fg=\"https:\/\/biodanza.be\/wp-content\/uploads\/cache\/2017\/06\/cropped-FS1512-DSC0244\/437509079.jpg\" src=\"data:image\/svg+xml,%3Csvg%20xmlns%3D%22http%3A%2F%2Fwww.w3.org%2F2000%2Fsvg%22%20width%3D%22460%22%20height%3D%22306%22%20viewBox%3D%220%200%20460%20306%22%3E%3C%2Fsvg%3E\" loading=\"eager\"><\/span><span class=\"fg-image-overlay\"><\/span><\/a><\/figure><div class=\"fg-loader\"><\/div><\/div>\t<\/div>\n\t<div class=\"fg-carousel-bottom\"><\/div>\n\t<div class=\"fg-carousel-progress\"><\/div>\n\t<button type=\"button\" class=\"fg-carousel-next\" title=\"Volgende\"><\/button>\n<\/div><\/div>\r\n<div class=\"titre-sur-img\">Lieux<br \/>\r\n<img decoding=\"async\" src=\"https:\/\/biodanza.be\/wp-content\/uploads\/2022\/11\/Orval1-225x300.jpg\" alt=\"\" width=\"60%\" height=\"auto\"  \/><\/p>\r\n<div class=\"texte-sous-img\">Une carte des lieux o\u00f9 sont donn\u00e9es des activit\u00e9s de Biodanza pr\u00e8s de chez vous.<br \/>\r\n<a href=\"https:\/\/biodanza.be\/?p=35991\">Consulter la Carte<\/a><\/div>\r\n<\/div>\r\n<\/div>\r\n<div>\r\n<div class=\"zone3\">\r\n<div class=\"titre-sur-img\">La Biodanza<br \/>\r\n<img decoding=\"async\" src=\"https:\/\/biodanza.be\/wp-content\/uploads\/2024\/01\/Rolando-Toro-01-300x225.png\" alt=\"\" width=\"59%\" height=\"auto\"  \/><\/p>\r\n<div class=\"texte-sous-img\">La Biodanza est une activit\u00e9 d'expression corporelle cr\u00e9\u00e9e par Rolando Toro Araneda, un psychologue et anthropologue chilien. S'appuyant sur la biologie, l'anthropologie et les sciences humaines, elle amplifie le potentiel g\u00e9n\u00e9tique vital en chacun de nous.<br \/><a href=\"https:\/\/biodanza.be\/?p=291 \">Consulter La Biodanza >><\/a><\/div>\r\n<\/div>\r\n<div class=\"titre-sur-img\">Les Facilitatrices\/eurs<br \/>\r\n<!--img src=\"https:\/\/biodanza.be\/wp-content\/uploads\/2022\/06\/Capture-decran-2022-05-03-a-21.28.32-300x200.png\" alt=\"\" width=\"60%\" height=\"auto\"  \/><\/p--!>\r\n<img decoding=\"async\" src=\"https:\/\/biodanza.be\/wp-content\/uploads\/2019\/09\/IMG_20190807_201500154_BURST000_COVER_TOP-2.jpg\" alt=\"\" width=\"55%\" height=\"auto\" \/><\/p>\r\n<div class=\"texte-sous-img\">Les Facilitatrices\/eurs ont re\u00e7u une formation de trois ans pour vous guider dans une s\u00e9ance de Biodanza.<br \/>\r\n<a href=\"https:\/\/biodanza.be\/?p=4932\" >Consulter la Liste des Facilitatrices\/eurs >><\/a><\/div>\r\n<\/div>\r\n<div class=\"titre-sur-img\">Les \u00c9coles de Biodanza<br \/>\r\n<img decoding=\"async\" src=\"https:\/\/biodanza.be\/wp-content\/uploads\/2022\/06\/LogoSRT.png\" alt=\"\" width=\"41%\" height=\"auto\"  \/><\/p>\r\n<div class=\"texte-sous-img\">La Belgique compte 4 \u00e9coles o\u00f9 sont form\u00e9es les personnes qui veulent devenir Facilitatrices\/eurs de Biodanza.<br \/><a href=\"https:\/\/biodanza.be\/?p=663\">Consulter la Liste des \u00c9coles de Biodanza >><\/a><\/div>\r\n<\/div>\r\n<\/div>\r\n<\/p>","protected":false},"excerpt":{"rendered":"Biodanza.be Un site pour les gens qui cherchent un cours de Biodanza Calendrier Un calendrier regroupant tous les \u00e9v\u00e8nements et vous montrant un groupe hebdomadaire (d\u00e9butant ou avanc\u00e9) pr\u00e8s de chez vous, un stage qui pourrait vous int\u00e9resser ou toute autre activit\u00e9 de Biodanza.Consulter le Calendrier >> Lieux Une carte des lieux o\u00f9 sont donn\u00e9es [&hellip;]","protected":false},"author":96,"featured_media":0,"parent":0,"menu_order":0,"comment_status":"closed","ping_status":"closed","template":"","meta":{"ocean_post_layout":"","ocean_both_sidebars_style":"","ocean_both_sidebars_content_width":0,"ocean_both_sidebars_sidebars_width":0,"ocean_sidebar":"","ocean_second_sidebar":"","ocean_disable_margins":"enable","ocean_add_body_class":"","ocean_shortcode_before_top_bar":"","ocean_shortcode_after_top_bar":"","ocean_shortcode_before_header":"","ocean_shortcode_after_header":"","ocean_has_shortcode":"","ocean_shortcode_after_title":"","ocean_shortcode_before_footer_widgets":"","ocean_shortcode_after_footer_widgets":"","ocean_shortcode_before_footer_bottom":"","ocean_shortcode_after_footer_bottom":"","ocean_display_top_bar":"default","ocean_display_header":"default","ocean_header_style":"","ocean_center_header_left_menu":"","ocean_custom_header_template":"","ocean_custom_logo":0,"ocean_custom_retina_logo":0,"ocean_custom_logo_max_width":0,"ocean_custom_logo_tablet_max_width":0,"ocean_custom_logo_mobile_max_width":0,"ocean_custom_logo_max_height":0,"ocean_custom_logo_tablet_max_height":0,"ocean_custom_logo_mobile_max_height":0,"ocean_header_custom_menu":"","ocean_menu_typo_font_family":"","ocean_menu_typo_font_subset":"","ocean_menu_typo_font_size":0,"ocean_menu_typo_font_size_tablet":0,"ocean_menu_typo_font_size_mobile":0,"ocean_menu_typo_font_size_unit":"px","ocean_menu_typo_font_weight":"","ocean_menu_typo_font_weight_tablet":"","ocean_menu_typo_font_weight_mobile":"","ocean_menu_typo_transform":"","ocean_menu_typo_transform_tablet":"","ocean_menu_typo_transform_mobile":"","ocean_menu_typo_line_height":0,"ocean_menu_typo_line_height_tablet":0,"ocean_menu_typo_line_height_mobile":0,"ocean_menu_typo_line_height_unit":"","ocean_menu_typo_spacing":0,"ocean_menu_typo_spacing_tablet":0,"ocean_menu_typo_spacing_mobile":0,"ocean_menu_typo_spacing_unit":"","ocean_menu_link_color":"","ocean_menu_link_color_hover":"","ocean_menu_link_color_active":"","ocean_menu_link_background":"","ocean_menu_link_hover_background":"","ocean_menu_link_active_background":"","ocean_menu_social_links_bg":"","ocean_menu_social_hover_links_bg":"","ocean_menu_social_links_color":"","ocean_menu_social_hover_links_color":"","ocean_disable_title":"default","ocean_disable_heading":"default","ocean_post_title":"","ocean_post_subheading":"","ocean_post_title_style":"","ocean_post_title_background_color":"","ocean_post_title_background":0,"ocean_post_title_bg_image_position":"","ocean_post_title_bg_image_attachment":"","ocean_post_title_bg_image_repeat":"","ocean_post_title_bg_image_size":"","ocean_post_title_height":0,"ocean_post_title_bg_overlay":0.5,"ocean_post_title_bg_overlay_color":"","ocean_disable_breadcrumbs":"default","ocean_breadcrumbs_color":"","ocean_breadcrumbs_separator_color":"","ocean_breadcrumbs_links_color":"","ocean_breadcrumbs_links_hover_color":"","ocean_display_footer_widgets":"default","ocean_display_footer_bottom":"default","ocean_custom_footer_template":"","footnotes":""},"imc_layers":[],"imc_icons":[],"class_list":["post-48339","page","type-page","status-publish","hentry","entry"],"translation":{"provider":"WPGlobus","version":"3.0.2","language":"nl","enabled_languages":["fr","nl"],"languages":{"fr":{"title":true,"content":true,"excerpt":false},"nl":{"title":false,"content":false,"excerpt":false}}},"imc_loc":"","imc_img_tag":null,"_links":{"self":[{"href":"https:\/\/biodanza.be\/nl\/wp-json\/wp\/v2\/pages\/48339","targetHints":{"allow":["GET"]}}],"collection":[{"href":"https:\/\/biodanza.be\/nl\/wp-json\/wp\/v2\/pages"}],"about":[{"href":"https:\/\/biodanza.be\/nl\/wp-json\/wp\/v2\/types\/page"}],"author":[{"embeddable":true,"href":"https:\/\/biodanza.be\/nl\/wp-json\/wp\/v2\/users\/96"}],"replies":[{"embeddable":true,"href":"https:\/\/biodanza.be\/nl\/wp-json\/wp\/v2\/comments?post=48339"}],"version-history":[{"count":69,"href":"https:\/\/biodanza.be\/nl\/wp-json\/wp\/v2\/pages\/48339\/revisions"}],"predecessor-version":[{"id":59663,"href":"https:\/\/biodanza.be\/nl\/wp-json\/wp\/v2\/pages\/48339\/revisions\/59663"}],"wp:attachment":[{"href":"https:\/\/biodanza.be\/nl\/wp-json\/wp\/v2\/media?parent=48339"}],"wp:term":[{"taxonomy":"imc-layer","embeddable":true,"href":"https:\/\/biodanza.be\/nl\/wp-json\/wp\/v2\/imc_layers?post=48339"},{"taxonomy":"imc-icon","embeddable":true,"href":"https:\/\/biodanza.be\/nl\/wp-json\/wp\/v2\/imc_icons?post=48339"}],"curies":[{"name":"wp","href":"https:\/\/api.w.org\/{rel}","templated":true}]}}