{"id":48738,"date":"2024-01-28T00:43:43","date_gmt":"2024-01-27T23:43:43","guid":{"rendered":"https:\/\/biodanza.be\/page-accueil-new2024-03-jp-3\/"},"modified":"2024-01-28T03:11:41","modified_gmt":"2024-01-28T02:11:41","slug":"page-accueil-new2024-04-jp","status":"publish","type":"page","link":"https:\/\/biodanza.be\/nl\/page-accueil-new2024-04-jp\/","title":{"rendered":"page accueil-new2024-04-jp"},"content":{"rendered":"<div class=\"zone1\"><img decoding=\"async\" src=\"https:\/\/biodanza.be\/wp-content\/uploads\/2024\/01\/jp-img-accueil-foret_de_soignes-04.png\" alt=\"\" width=\"auto\" height=\"auto\" \/><\/div>\r\n<div class=\"zone2\">\r\n<div class=\"titre-sur-img\">\r\n\r\nCalendrier\r\n<img decoding=\"async\" src=\"https:\/\/biodanza.be\/wp-content\/uploads\/2024\/01\/Capture-ecran-calendrier-300x197.png\" alt=\"\" width=\"75%\" height=\"auto\" \/>\r\n<div class=\"texte-sous-img\">Le calendrier de toutes les activit\u00e9s de Biodanza pr\u00e8s de chez vous.\r\n<a href=\"https:\/\/biodanza.be\/?p=32476\">En savoir plus &gt;&gt;<\/a><\/div>\r\n<\/div>\r\n<div>\r\n\r\n<style type=\"text\/css\">\n#foogallery-gallery-48324 .fg-image { width: 460px; }<\/style>\n\t\t\t<div class=\"foogallery foogallery-container foogallery-carousel foogallery-lightbox-foogallery fg-carousel-hide-nav-arrows fg-carousel-hide-progress-bar fg-carousel fg-ready fg-light fg-border-thin fg-round-medium fg-shadow-outline fg-loaded-fade-in fg-caption-hover fg-hover-fade fg-hover-zoom fg-light-overlays\" id=\"foogallery-gallery-48324\" data-foogallery=\"{&quot;item&quot;:{&quot;showCaptionTitle&quot;:true,&quot;showCaptionDescription&quot;:true},&quot;lazy&quot;:true,&quot;template&quot;:{&quot;maxItems&quot;:1,&quot;scale&quot;:0.25,&quot;gutter&quot;:{&quot;min&quot;:-40,&quot;max&quot;:-20,&quot;unit&quot;:&quot;%&quot;},&quot;autoplay&quot;:{&quot;time&quot;:6,&quot;interaction&quot;:&quot;pause&quot;},&quot;centerOnClick&quot;:true,&quot;align&quot;:&quot;center&quot;,&quot;activePosition&quot;:&quot;center&quot;}}\" data-foogallery-lightbox=\"{&quot;theme&quot;:&quot;fg-light&quot;,&quot;thumbs&quot;:&quot;bottom&quot;,&quot;thumbsCaptions&quot;:false,&quot;thumbsBestFit&quot;:false,&quot;thumbsSmall&quot;:false,&quot;thumbsCaptionsAlign&quot;:&quot;default&quot;,&quot;info&quot;:&quot;bottom&quot;,&quot;infoVisible&quot;:true,&quot;infoOverlay&quot;:true,&quot;infoAlign&quot;:&quot;default&quot;,&quot;transition&quot;:&quot;fade&quot;,&quot;autoProgress&quot;:10,&quot;autoProgressStart&quot;:true,&quot;hoverButtons&quot;:false,&quot;fitMedia&quot;:true,&quot;noScrollbars&quot;:true,&quot;preserveButtonSpace&quot;:true,&quot;buttons&quot;:{&quot;fullscreen&quot;:true,&quot;info&quot;:true,&quot;thumbs&quot;:false},&quot;video&quot;:{&quot;autoPlay&quot;:true}}\" style=\"--fg-title-line-clamp: 0; --fg-description-line-clamp: 0;\" >\n\t<button type=\"button\" class=\"fg-carousel-prev\" title=\"Vorige\"><\/button>\n\t<div class=\"fg-carousel-inner\">\n\t\t<div class=\"fg-carousel-center\"><\/div>\n\t\t<div class=\"fg-item fg-type-image fg-idle\"><figure class=\"fg-item-inner\"><a href=\"https:\/\/biodanza.be\/wp-content\/uploads\/2023\/11\/Biodanza_groep_Djoelen_kopie.jpg\" data-attachment-id=\"47090\" data-type=\"image\" class=\"fg-thumb\"><span class=\"fg-image-wrap\"><img fetchpriority=\"high\" decoding=\"async\" width=\"460\" height=\"306\" class=\"skip-lazy fg-image\" data-src-fg=\"https:\/\/biodanza.be\/wp-content\/uploads\/cache\/2023\/11\/Biodanza_groep_Djoelen_kopie\/3598060402.jpg\" src=\"data:image\/svg+xml,%3Csvg%20xmlns%3D%22http%3A%2F%2Fwww.w3.org%2F2000%2Fsvg%22%20width%3D%22460%22%20height%3D%22306%22%20viewBox%3D%220%200%20460%20306%22%3E%3C%2Fsvg%3E\" loading=\"eager\"><\/span><span class=\"fg-image-overlay\"><\/span><\/a><\/figure><div class=\"fg-loader\"><\/div><\/div><div class=\"fg-item fg-type-image fg-idle\"><figure class=\"fg-item-inner\"><a href=\"https:\/\/biodanza.be\/wp-content\/uploads\/2024\/01\/biodanza-dans-allen-460x306-1.jpg\" data-attachment-id=\"48858\" data-type=\"image\" class=\"fg-thumb\"><span class=\"fg-image-wrap\"><img decoding=\"async\" width=\"460\" height=\"306\" class=\"skip-lazy fg-image\" data-src-fg=\"https:\/\/biodanza.be\/wp-content\/uploads\/cache\/2024\/01\/biodanza-dans-allen-460x306-1\/3018745677.jpg\" src=\"data:image\/svg+xml,%3Csvg%20xmlns%3D%22http%3A%2F%2Fwww.w3.org%2F2000%2Fsvg%22%20width%3D%22460%22%20height%3D%22306%22%20viewBox%3D%220%200%20460%20306%22%3E%3C%2Fsvg%3E\" loading=\"eager\"><\/span><span class=\"fg-image-overlay\"><\/span><\/a><\/figure><div class=\"fg-loader\"><\/div><\/div><div class=\"fg-item fg-type-image fg-idle\"><figure class=\"fg-item-inner\"><a href=\"https:\/\/biodanza.be\/wp-content\/uploads\/2022\/08\/A-way-to-harmony-HD-289-scaled.jpg\" data-attachment-id=\"39493\" data-type=\"image\" class=\"fg-thumb\"><span class=\"fg-image-wrap\"><img decoding=\"async\" width=\"460\" height=\"306\" class=\"skip-lazy fg-image\" data-src-fg=\"https:\/\/biodanza.be\/wp-content\/uploads\/cache\/2022\/08\/A-way-to-harmony-HD-289-scaled\/1627117794.jpg\" src=\"data:image\/svg+xml,%3Csvg%20xmlns%3D%22http%3A%2F%2Fwww.w3.org%2F2000%2Fsvg%22%20width%3D%22460%22%20height%3D%22306%22%20viewBox%3D%220%200%20460%20306%22%3E%3C%2Fsvg%3E\" loading=\"eager\"><\/span><span class=\"fg-image-overlay\"><\/span><\/a><\/figure><div class=\"fg-loader\"><\/div><\/div><div class=\"fg-item fg-type-image fg-idle\"><figure class=\"fg-item-inner\"><a href=\"https:\/\/biodanza.be\/wp-content\/uploads\/2022\/08\/A-way-to-harmony-HD-299-scaled.jpg\" data-attachment-id=\"39479\" data-type=\"image\" class=\"fg-thumb\"><span class=\"fg-image-wrap\"><img decoding=\"async\" width=\"460\" height=\"306\" class=\"skip-lazy fg-image\" data-src-fg=\"https:\/\/biodanza.be\/wp-content\/uploads\/cache\/2022\/08\/A-way-to-harmony-HD-299-scaled\/1347930706.jpg\" src=\"data:image\/svg+xml,%3Csvg%20xmlns%3D%22http%3A%2F%2Fwww.w3.org%2F2000%2Fsvg%22%20width%3D%22460%22%20height%3D%22306%22%20viewBox%3D%220%200%20460%20306%22%3E%3C%2Fsvg%3E\" loading=\"eager\"><\/span><span class=\"fg-image-overlay\"><\/span><\/a><\/figure><div class=\"fg-loader\"><\/div><\/div><div class=\"fg-item fg-type-image fg-idle\"><figure class=\"fg-item-inner\"><a href=\"https:\/\/biodanza.be\/wp-content\/uploads\/2019\/05\/dans-spanje-1.jpg\" data-attachment-id=\"16406\" data-type=\"image\" class=\"fg-thumb\"><span class=\"fg-image-wrap\"><img decoding=\"async\" width=\"460\" height=\"306\" class=\"skip-lazy fg-image\" data-src-fg=\"https:\/\/biodanza.be\/wp-content\/uploads\/cache\/2019\/05\/dans-spanje-1\/562471917.jpg\" src=\"data:image\/svg+xml,%3Csvg%20xmlns%3D%22http%3A%2F%2Fwww.w3.org%2F2000%2Fsvg%22%20width%3D%22460%22%20height%3D%22306%22%20viewBox%3D%220%200%20460%20306%22%3E%3C%2Fsvg%3E\" loading=\"eager\"><\/span><span class=\"fg-image-overlay\"><\/span><\/a><\/figure><div class=\"fg-loader\"><\/div><\/div><div class=\"fg-item fg-type-image fg-idle\"><figure class=\"fg-item-inner\"><a href=\"https:\/\/biodanza.be\/wp-content\/uploads\/2017\/05\/MG_5390.jpg\" data-caption-title=\"cr\u00e9dit photo : Serge Marcelis\" data-attachment-id=\"1637\" data-type=\"image\" class=\"fg-thumb\"><span class=\"fg-image-wrap\"><img decoding=\"async\" title=\"cr\u00e9dit photo : Serge Marcelis\" width=\"460\" height=\"306\" class=\"skip-lazy fg-image\" data-src-fg=\"https:\/\/biodanza.be\/wp-content\/uploads\/cache\/2017\/05\/MG_5390\/1778300250.jpg\" src=\"data:image\/svg+xml,%3Csvg%20xmlns%3D%22http%3A%2F%2Fwww.w3.org%2F2000%2Fsvg%22%20width%3D%22460%22%20height%3D%22306%22%20viewBox%3D%220%200%20460%20306%22%3E%3C%2Fsvg%3E\" loading=\"eager\"><\/span><span class=\"fg-image-overlay\"><\/span><\/a><figcaption class=\"fg-caption\"><div class=\"fg-caption-inner\"><div class=\"fg-caption-title\">cr\u00e9dit photo : Serge Marcelis<\/div><\/div><\/figcaption><\/figure><div class=\"fg-loader\"><\/div><\/div><div class=\"fg-item fg-type-image fg-idle\"><figure class=\"fg-item-inner\"><a href=\"https:\/\/biodanza.be\/wp-content\/uploads\/2017\/06\/cropped-FS1512-DSC0244.jpg\" data-attachment-id=\"871\" data-type=\"image\" class=\"fg-thumb\"><span class=\"fg-image-wrap\"><img decoding=\"async\" width=\"460\" height=\"306\" class=\"skip-lazy fg-image\" data-src-fg=\"https:\/\/biodanza.be\/wp-content\/uploads\/cache\/2017\/06\/cropped-FS1512-DSC0244\/437509079.jpg\" src=\"data:image\/svg+xml,%3Csvg%20xmlns%3D%22http%3A%2F%2Fwww.w3.org%2F2000%2Fsvg%22%20width%3D%22460%22%20height%3D%22306%22%20viewBox%3D%220%200%20460%20306%22%3E%3C%2Fsvg%3E\" loading=\"eager\"><\/span><span class=\"fg-image-overlay\"><\/span><\/a><\/figure><div class=\"fg-loader\"><\/div><\/div>\t<\/div>\n\t<div class=\"fg-carousel-bottom\"><\/div>\n\t<div class=\"fg-carousel-progress\"><\/div>\n\t<button type=\"button\" class=\"fg-carousel-next\" title=\"Volgende\"><\/button>\n<\/div>\r\n\r\n<\/div>\r\n<div class=\"titre-sur-img\">\r\n\r\nLocalit\u00e9s\r\n<img decoding=\"async\" src=\"https:\/\/biodanza.be\/wp-content\/uploads\/2024\/01\/carte-activites-Biodanza.png\" alt=\"\" width=\"75%\" height=\"auto\" \/>\r\n<div class=\"texte-sous-img\">La carte des localit\u00e9s o\u00f9 se donnent les activit\u00e9s de Biodanza en Belgique.\r\n<a href=\"https:\/\/biodanza.be\/?p=35991\">En savoir plus &gt;&gt;<\/a><\/div>\r\n<\/div>\r\n<\/div>\r\n<div>\r\n<div class=\"zone3\">\r\n<div class=\"titre-sur-img\">\r\n\r\nLa Biodanza\r\n<img decoding=\"async\" src=\"https:\/\/biodanza.be\/wp-content\/uploads\/2024\/01\/Rolando-Toro-01-300x225.png\" alt=\"\" width=\"65%\" height=\"auto\" \/>\r\n<div class=\"texte-sous-img\">C'est quoi La Biodanza? Qui est Rolando Toro Araneda, le cr\u00e9ateur de la Biodanza?\r\n<a href=\"https:\/\/biodanza.be\/?p=291 \">En savoir plus &gt;&gt;<\/a><\/div>\r\n<\/div>\r\n<div class=\"titre-sur-img\">\r\n\r\nLes Facilitatrices\/eurs\r\n<!--img src=\"https:\/\/biodanza.be\/wp-content\/uploads\/2022\/06\/Capture-decran-2022-05-03-a-21.28.32-300x200.png\" alt=\"\" width=\"60%\" height=\"auto\" \/><\/p--> <img decoding=\"async\" src=\"https:\/\/biodanza.be\/wp-content\/uploads\/2019\/09\/IMG_20190807_201500154_BURST000_COVER_TOP-2.jpg\" alt=\"\" width=\"55%\" height=\"auto\" \/>\r\n<div class=\"texte-sous-img\">Qui sont les Facilitatrices\/eurs qui vous guident dans vos s\u00e9ances de Biodanza?\r\n<a href=\"https:\/\/biodanza.be\/?p=4932\">En savoir plus &gt;&gt;<\/a><\/div>\r\n<\/div>\r\n<div class=\"titre-sur-img\">\r\n\r\nLes \u00c9coles de Biodanza\r\n<img decoding=\"async\" src=\"https:\/\/biodanza.be\/wp-content\/uploads\/2022\/06\/LogoSRT.png\" alt=\"\" width=\"41%\" height=\"auto\" \/>\r\n<div class=\"texte-sous-img\">Quelles sont les \u00e9coles belges qui forment des Facilitatrices\/eurs de Biodanza?\r\n<a href=\"https:\/\/biodanza.be\/?p=663\">En savoir plus &gt;&gt;<\/a><\/div>\r\n<\/div>\r\n<\/div>\r\n<\/div>","protected":false},"excerpt":{"rendered":"Calendrier Le calendrier de toutes les activit\u00e9s de Biodanza pr\u00e8s de chez vous. En savoir plus &gt;&gt; Localit\u00e9s La carte des localit\u00e9s o\u00f9 se donnent les activit\u00e9s de Biodanza en Belgique. En savoir plus &gt;&gt; La Biodanza C'est quoi La Biodanza? Qui est Rolando Toro Araneda, le cr\u00e9ateur de la Biodanza? En savoir plus &gt;&gt; [&hellip;]","protected":false},"author":96,"featured_media":0,"parent":0,"menu_order":0,"comment_status":"closed","ping_status":"closed","template":"","meta":{"ocean_post_layout":"","ocean_both_sidebars_style":"","ocean_both_sidebars_content_width":0,"ocean_both_sidebars_sidebars_width":0,"ocean_sidebar":"","ocean_second_sidebar":"","ocean_disable_margins":"enable","ocean_add_body_class":"","ocean_shortcode_before_top_bar":"","ocean_shortcode_after_top_bar":"","ocean_shortcode_before_header":"","ocean_shortcode_after_header":"","ocean_has_shortcode":"","ocean_shortcode_after_title":"","ocean_shortcode_before_footer_widgets":"","ocean_shortcode_after_footer_widgets":"","ocean_shortcode_before_footer_bottom":"","ocean_shortcode_after_footer_bottom":"","ocean_display_top_bar":"default","ocean_display_header":"default","ocean_header_style":"","ocean_center_header_left_menu":"","ocean_custom_header_template":"","ocean_custom_logo":0,"ocean_custom_retina_logo":0,"ocean_custom_logo_max_width":0,"ocean_custom_logo_tablet_max_width":0,"ocean_custom_logo_mobile_max_width":0,"ocean_custom_logo_max_height":0,"ocean_custom_logo_tablet_max_height":0,"ocean_custom_logo_mobile_max_height":0,"ocean_header_custom_menu":"","ocean_menu_typo_font_family":"","ocean_menu_typo_font_subset":"","ocean_menu_typo_font_size":0,"ocean_menu_typo_font_size_tablet":0,"ocean_menu_typo_font_size_mobile":0,"ocean_menu_typo_font_size_unit":"px","ocean_menu_typo_font_weight":"","ocean_menu_typo_font_weight_tablet":"","ocean_menu_typo_font_weight_mobile":"","ocean_menu_typo_transform":"","ocean_menu_typo_transform_tablet":"","ocean_menu_typo_transform_mobile":"","ocean_menu_typo_line_height":0,"ocean_menu_typo_line_height_tablet":0,"ocean_menu_typo_line_height_mobile":0,"ocean_menu_typo_line_height_unit":"","ocean_menu_typo_spacing":0,"ocean_menu_typo_spacing_tablet":0,"ocean_menu_typo_spacing_mobile":0,"ocean_menu_typo_spacing_unit":"","ocean_menu_link_color":"","ocean_menu_link_color_hover":"","ocean_menu_link_color_active":"","ocean_menu_link_background":"","ocean_menu_link_hover_background":"","ocean_menu_link_active_background":"","ocean_menu_social_links_bg":"","ocean_menu_social_hover_links_bg":"","ocean_menu_social_links_color":"","ocean_menu_social_hover_links_color":"","ocean_disable_title":"default","ocean_disable_heading":"default","ocean_post_title":"","ocean_post_subheading":"","ocean_post_title_style":"","ocean_post_title_background_color":"","ocean_post_title_background":0,"ocean_post_title_bg_image_position":"","ocean_post_title_bg_image_attachment":"","ocean_post_title_bg_image_repeat":"","ocean_post_title_bg_image_size":"","ocean_post_title_height":0,"ocean_post_title_bg_overlay":0.5,"ocean_post_title_bg_overlay_color":"","ocean_disable_breadcrumbs":"default","ocean_breadcrumbs_color":"","ocean_breadcrumbs_separator_color":"","ocean_breadcrumbs_links_color":"","ocean_breadcrumbs_links_hover_color":"","ocean_display_footer_widgets":"default","ocean_display_footer_bottom":"default","ocean_custom_footer_template":"","footnotes":""},"imc_layers":[],"imc_icons":[],"class_list":["post-48738","page","type-page","status-publish","hentry","entry"],"translation":{"provider":"WPGlobus","version":"3.0.2","language":"nl","enabled_languages":["fr","nl"],"languages":{"fr":{"title":true,"content":true,"excerpt":false},"nl":{"title":false,"content":false,"excerpt":false}}},"imc_loc":"","imc_img_tag":null,"_links":{"self":[{"href":"https:\/\/biodanza.be\/nl\/wp-json\/wp\/v2\/pages\/48738","targetHints":{"allow":["GET"]}}],"collection":[{"href":"https:\/\/biodanza.be\/nl\/wp-json\/wp\/v2\/pages"}],"about":[{"href":"https:\/\/biodanza.be\/nl\/wp-json\/wp\/v2\/types\/page"}],"author":[{"embeddable":true,"href":"https:\/\/biodanza.be\/nl\/wp-json\/wp\/v2\/users\/96"}],"replies":[{"embeddable":true,"href":"https:\/\/biodanza.be\/nl\/wp-json\/wp\/v2\/comments?post=48738"}],"version-history":[{"count":27,"href":"https:\/\/biodanza.be\/nl\/wp-json\/wp\/v2\/pages\/48738\/revisions"}],"predecessor-version":[{"id":48791,"href":"https:\/\/biodanza.be\/nl\/wp-json\/wp\/v2\/pages\/48738\/revisions\/48791"}],"wp:attachment":[{"href":"https:\/\/biodanza.be\/nl\/wp-json\/wp\/v2\/media?parent=48738"}],"wp:term":[{"taxonomy":"imc-layer","embeddable":true,"href":"https:\/\/biodanza.be\/nl\/wp-json\/wp\/v2\/imc_layers?post=48738"},{"taxonomy":"imc-icon","embeddable":true,"href":"https:\/\/biodanza.be\/nl\/wp-json\/wp\/v2\/imc_icons?post=48738"}],"curies":[{"name":"wp","href":"https:\/\/api.w.org\/{rel}","templated":true}]}}