{"id":49258,"date":"2024-02-06T00:47:07","date_gmt":"2024-02-05T23:47:07","guid":{"rendered":"https:\/\/biodanza.be\/tutoriels-et-assistance-graphique-jp-2\/"},"modified":"2024-02-06T00:48:43","modified_gmt":"2024-02-05T23:48:43","slug":"tutoriels-et-assistance-graphique-stag","status":"publish","type":"page","link":"https:\/\/biodanza.be\/nl\/tutoriels-et-assistance-graphique-stag\/","title":{"rendered":"Tutoriels et assistance graphique-stag"},"content":{"rendered":"<table style=\"width:100%\">\r\n<tbody>\r\n<th colspan=\"2\";  style=\"background-color:#ccffff\";><center><br \/>Liste des tutoriels ou guides pour introduire une nouvelle activit\u00e9 sur le site et placer votre activit\u00e9 sur la carte<br \/>\u00a0<\/center>\r\n<\/th>\r\n<tr>\r\n<td style=\"padding-left: 10px;\">Guide en fran\u00e7ais de l'utilisateur pour inscrire une nouvelle activit\u00e9 sur le site<\/td>\r\n<td><center><a href=\"https:\/\/biodanza.be\/wp-content\/uploads\/2022\/07\/Guide-de-lutilisateur-Biodanza.be-02.docx\"><button class=\"button-action\" role=\"button\">t\u00e9l\u00e9charger<\/button><\/a><\/center><\/td>\r\n<\/tr>\r\n<tr>\r\n<td style=\"padding-left: 10px;\">Tutoriel en flamand pour inscrire une nouvelle activit\u00e9 sur le site<\/td>\r\n<td><center><a href=\"https:\/\/www.youtube.com\/watch?v=xYSsw9GUkfc\" target=\"_blank\" rel=\"noopener\"><button class=\"button-action\" role=\"button\">voir<\/button><\/a><\/center><\/td>\r\n<\/tr>\r\n<tr>\r\n<td style=\"padding-left: 10px;\">Tutoriel en fran\u00e7ais pour inscrire une nouvelle activit\u00e9 sur le site<\/td>\r\n<td><center><a href=\"https:\/\/biodanza.be\/wp-content\/uploads\/2022\/06\/Tuto-Inscript-NouvActivite-01.mp4\" target=\"_blank\" rel=\"noopener\"><button class=\"button-action\" role=\"button\">voir<\/button><\/a><\/center><\/td>\r\n<\/tr>\r\n<td style=\"padding-left: 10px;\">Guide en flamand pour mettre les options d'\u00e9cran avant l'inscription d'une activit\u00e9 sur le site<\/td>\r\n<td><center><a href=\"https:\/\/biodanza.be\/wp-content\/uploads\/2022\/06\/schermopties-instellen-01.docx\"><button class=\"button-action\" role=\"button\">t\u00e9l\u00e9charger<\/button><\/a><\/center><\/td>\r\n<\/tr>\r\n<tr>\r\n<td style=\"padding-left: 10px;\">Tutoriel en fran\u00e7ais pour inscrire la salle de danse et le lieu sur la carte<\/td>\r\n<td><center><a href=\"https:\/\/biodanza.be\/wp-content\/uploads\/2022\/07\/Tuto2-Inscript-Nouv-SalledeDanse.mp4\" target=\"_blank\" rel=\"noopener\"><button class=\"button-action\" role=\"button\">voir<\/button><\/a><\/center><\/td>\r\n<\/tr>\r\n<tr>\r\n<td style=\"padding-left: 10px;\">Tutoriel en flamand pour mettre \u00e0 jour son profil de Facilitatrice\/eur<\/td>\r\n<td><center><a href=\"https:\/\/biodanza.be\/wp-content\/uploads\/2024\/01\/Biodanza-Profiel-wijzigen.mp4\" target=\"_blank\" rel=\"noopener\"><button class=\"button-action\" role=\"button\">voir<\/button><\/a><\/center><\/td>\r\n<\/tr>\r\n<\/tbody>\r\n<\/table>\r\n<p>\u00a0\u00a0<\/p>\r\n<table style=\"width:100%\">\r\n<tbody>\r\n<th style=\"background-color:#ffd699\";><center><br \/>Assistance graphique \u00e0 tarif privil\u00e9gi\u00e9<br \/>\r\n\u00c0 titre de membre de l'Association des Facilitatrices\/teurs belges de Biodanza vous b\u00e9n\u00e9ficiez d'un tarif r\u00e9duit pour la conception et la r\u00e9alisation de vos banni\u00e8res web ou de vos cartes publicitaires pour vos cours\/ateliers de Biodanza. N'h\u00e9sitez pas \u00e0 nous contacter!<\/center><\/th>\r\n<tr style=\"background-color:#fff5e6\";>\r\n<td style=\"padding-left: 10px;\">\r\n<div style=\"padding-top: 15px;\">\u2022 Une banni\u00e8re est parfaite pour mettre en haut de votre page d'activit\u00e9 du site de l'Association ou dans votre propre site. Dimension 1050x328px ou proportionnel.<\/div>\r\n<div id=\"boutonTarif\"><center>Tarif 250\u20ac<\/center><\/div>\r\n<p><center><\/p>\r\n<div class=\"container\"><img decoding=\"async\" src=\"https:\/\/biodanza.be\/wp-content\/uploads\/2022\/06\/banniere-modele-1050x328-1.jpg\" style=\"width:525px;height:164px;\"><\/div>\r\n<\/p>\r\n<p><center>Voici deux exemples concrets:<\/center><\/p>\r\n<p><center><img decoding=\"async\" src=\"https:\/\/biodanza.be\/wp-content\/uploads\/2023\/08\/banniere-Sabine-Joelle.png\" style=\"width:525px;height:164px;\"><\/center><\/p>\r\n<p><center><img decoding=\"async\" src=\"https:\/\/biodanza.be\/wp-content\/uploads\/2023\/09\/SabineHoutman-BioMatinale.png\" style=\"width:525px;height:164px;\"><\/center><\/p>\r\n<\/td>\r\n<\/tr>\r\n<tr style=\"background-color:#fff5e6\";>\r\n<td style=\"padding-left: 10px;\">\r\n<div style=\"padding-top: 15px;\">\u2022 Des cartes publicitaires vous permettent de distribuer votre publicit\u00e9 en tout lieu qui les accepte. Dimension 150x250mm.<\/div>\r\n<div id=\"boutonTarif\"><center>Tarif 300\u20ac<\/center><\/div>\r\n<p><center><img decoding=\"async\" src=\"https:\/\/biodanza.be\/wp-content\/uploads\/2024\/01\/ex-carte-publicitaire-be-03.png\" style=\"width:473px;height:290px;\"><\/center><\/p>\r\n<\/td>\r\n<\/tr>\r\n<tr style=\"background-color:#fff5e6\";>\r\n<td style=\"padding-left: 10px;\">\r\n<div style=\"padding-top: 15px;\">\u2022 Vous voulez mettre \u00e0 jour une banni\u00e8re ou une carte publicitaire actuelle en changeant le texte? Nous pouvons aussi le faire! Un souci en moins pour vous!<\/div>\r\n<div id=\"boutonTarif\"><center>Tarif 90\u20ac<\/center><\/div>\r\n<p><\/center><\/p>\r\n<\/td>\r\n<\/tr>\r\n<tr style=\"background-color:#ffd699\";>\r\n<td style=\"text-align: center;\">Pour tous vos besoins, contactez nous avec un descriptif de votre projet \u00e0 <a href=\"&#109;&#97;&#x69;l&#116;&#x6f;&#x3a;c&#111;&#x67;&#x69;t&#114;&#x6f;&#x6e;&#64;&#118;&#x69;&#x64;e&#111;&#x74;&#x72;o&#110;&#x2e;c&#97;\" target=\"_blank\" rel=\"noopener\">courriel<\/a><br \/> Pour une commande de conception de 2 images ou plus, vous b\u00e9n\u00e9ficiez d'une escompte de 10% .<\/td>\r\n<\/tr>\r\n<\/tbody>\r\n<\/table>","protected":false},"excerpt":{"rendered":"Liste des tutoriels ou guides pour introduire une nouvelle activit\u00e9 sur le site et placer votre activit\u00e9 sur la carte\u00a0 Guide en fran\u00e7ais de l'utilisateur pour inscrire une nouvelle activit\u00e9 sur le site t\u00e9l\u00e9charger Tutoriel en flamand pour inscrire une nouvelle activit\u00e9 sur le site voir Tutoriel en fran\u00e7ais pour inscrire une nouvelle activit\u00e9 sur [&hellip;]","protected":false},"author":96,"featured_media":0,"parent":0,"menu_order":0,"comment_status":"closed","ping_status":"closed","template":"","meta":{"ocean_post_layout":"","ocean_both_sidebars_style":"","ocean_both_sidebars_content_width":0,"ocean_both_sidebars_sidebars_width":0,"ocean_sidebar":"","ocean_second_sidebar":"","ocean_disable_margins":"enable","ocean_add_body_class":"","ocean_shortcode_before_top_bar":"","ocean_shortcode_after_top_bar":"","ocean_shortcode_before_header":"","ocean_shortcode_after_header":"","ocean_has_shortcode":"","ocean_shortcode_after_title":"","ocean_shortcode_before_footer_widgets":"","ocean_shortcode_after_footer_widgets":"","ocean_shortcode_before_footer_bottom":"","ocean_shortcode_after_footer_bottom":"","ocean_display_top_bar":"default","ocean_display_header":"default","ocean_header_style":"","ocean_center_header_left_menu":"","ocean_custom_header_template":"","ocean_custom_logo":0,"ocean_custom_retina_logo":0,"ocean_custom_logo_max_width":0,"ocean_custom_logo_tablet_max_width":0,"ocean_custom_logo_mobile_max_width":0,"ocean_custom_logo_max_height":0,"ocean_custom_logo_tablet_max_height":0,"ocean_custom_logo_mobile_max_height":0,"ocean_header_custom_menu":"","ocean_menu_typo_font_family":"","ocean_menu_typo_font_subset":"","ocean_menu_typo_font_size":0,"ocean_menu_typo_font_size_tablet":0,"ocean_menu_typo_font_size_mobile":0,"ocean_menu_typo_font_size_unit":"px","ocean_menu_typo_font_weight":"","ocean_menu_typo_font_weight_tablet":"","ocean_menu_typo_font_weight_mobile":"","ocean_menu_typo_transform":"","ocean_menu_typo_transform_tablet":"","ocean_menu_typo_transform_mobile":"","ocean_menu_typo_line_height":0,"ocean_menu_typo_line_height_tablet":0,"ocean_menu_typo_line_height_mobile":0,"ocean_menu_typo_line_height_unit":"","ocean_menu_typo_spacing":0,"ocean_menu_typo_spacing_tablet":0,"ocean_menu_typo_spacing_mobile":0,"ocean_menu_typo_spacing_unit":"","ocean_menu_link_color":"","ocean_menu_link_color_hover":"","ocean_menu_link_color_active":"","ocean_menu_link_background":"","ocean_menu_link_hover_background":"","ocean_menu_link_active_background":"","ocean_menu_social_links_bg":"","ocean_menu_social_hover_links_bg":"","ocean_menu_social_links_color":"","ocean_menu_social_hover_links_color":"","ocean_disable_title":"default","ocean_disable_heading":"default","ocean_post_title":"","ocean_post_subheading":"","ocean_post_title_style":"","ocean_post_title_background_color":"","ocean_post_title_background":0,"ocean_post_title_bg_image_position":"","ocean_post_title_bg_image_attachment":"","ocean_post_title_bg_image_repeat":"","ocean_post_title_bg_image_size":"","ocean_post_title_height":0,"ocean_post_title_bg_overlay":0.5,"ocean_post_title_bg_overlay_color":"","ocean_disable_breadcrumbs":"default","ocean_breadcrumbs_color":"","ocean_breadcrumbs_separator_color":"","ocean_breadcrumbs_links_color":"","ocean_breadcrumbs_links_hover_color":"","ocean_display_footer_widgets":"default","ocean_display_footer_bottom":"default","ocean_custom_footer_template":"","footnotes":""},"imc_layers":[],"imc_icons":[],"class_list":["post-49258","page","type-page","status-publish","hentry","entry"],"translation":{"provider":"WPGlobus","version":"3.0.2","language":"nl","enabled_languages":["fr","nl"],"languages":{"fr":{"title":true,"content":true,"excerpt":false},"nl":{"title":false,"content":false,"excerpt":false}}},"imc_loc":"","imc_img_tag":null,"_links":{"self":[{"href":"https:\/\/biodanza.be\/nl\/wp-json\/wp\/v2\/pages\/49258","targetHints":{"allow":["GET"]}}],"collection":[{"href":"https:\/\/biodanza.be\/nl\/wp-json\/wp\/v2\/pages"}],"about":[{"href":"https:\/\/biodanza.be\/nl\/wp-json\/wp\/v2\/types\/page"}],"author":[{"embeddable":true,"href":"https:\/\/biodanza.be\/nl\/wp-json\/wp\/v2\/users\/96"}],"replies":[{"embeddable":true,"href":"https:\/\/biodanza.be\/nl\/wp-json\/wp\/v2\/comments?post=49258"}],"version-history":[{"count":2,"href":"https:\/\/biodanza.be\/nl\/wp-json\/wp\/v2\/pages\/49258\/revisions"}],"predecessor-version":[{"id":50991,"href":"https:\/\/biodanza.be\/nl\/wp-json\/wp\/v2\/pages\/49258\/revisions\/50991"}],"wp:attachment":[{"href":"https:\/\/biodanza.be\/nl\/wp-json\/wp\/v2\/media?parent=49258"}],"wp:term":[{"taxonomy":"imc-layer","embeddable":true,"href":"https:\/\/biodanza.be\/nl\/wp-json\/wp\/v2\/imc_layers?post=49258"},{"taxonomy":"imc-icon","embeddable":true,"href":"https:\/\/biodanza.be\/nl\/wp-json\/wp\/v2\/imc_icons?post=49258"}],"curies":[{"name":"wp","href":"https:\/\/api.w.org\/{rel}","templated":true}]}}