{"id":60500,"date":"2026-02-21T00:09:32","date_gmt":"2026-02-20T23:09:32","guid":{"rendered":"https:\/\/biodanza.be\/festival20-2-2\/"},"modified":"2026-04-11T19:16:34","modified_gmt":"2026-04-11T17:16:34","slug":"festival20-3","status":"publish","type":"page","link":"https:\/\/biodanza.be\/nl\/festival20-3\/","title":{"rendered":"20-jarig jubileumfeest"},"content":{"rendered":"<p>{:nl}<code><\/code><\/p>\r\n<style>\r\n\/* @media (max-width: 799px) {  * pour enlever la ligne blanche en haut et en bas d'une image en mode mobile \/\r\n    img {\r\n        display: block;\r\n        margin-bottom: 0;\r\n        padding-bottom: 0;\r\n    }\r\n} *\/\r\n.centrer-bloc {\r\n\/*  width: 160%; * or any specific width *\/\r\n  margin-left: auto;\r\n  margin-right: auto;\r\n}\r\n@media screen and (min-width: 800px) {\r\n.td-1 {width: 50% !important;}\r\n.td-2 {color: #993366;}\r\n}\r\n@media screen and (max-width: 799px) {\r\n.td-1 {width: 100%; display: flex; flex-direction: column; flex-wrap: wrap;}\r\n.td-2 {display: flex; flex-direction: column; flex-wrap: wrap;}\r\n.td-3 {width: 180% !important; display: flex; flex-direction: column; flex-wrap: wrap; color: red;}\r\n.td-4 {width: 180% !important; display: flex; flex-direction: column; flex-wrap: wrap;}\r\n}\r\n<\/style>\r\n<p><center><img loading=\"lazy\" decoding=\"async\" class=\" wp-image-59074 aligncenter\" src=\"https:\/\/biodanza.be\/wp-content\/uploads\/2025\/11\/2-768x1086.jpg\" alt=\"\" width=\"542\" height=\"768\" \/><\/center><\/p>\r\n<div>\r\n<table style=\"width: 100%;\" align=\"center\">\r\n<tbody>\r\n<tr>\r\n<td style=\"color: #ffffff;\" colspan=\"2\">\r\n<div style=\"text-align: center;\"><strong><span style=\"font-size: clamp(2rem, 4vw, 3rem);\">Verbinding, warmte, liefde, vertrouwen<\/span><\/strong><\/div>\r\n<div><center><strong>dat is wat we meer dan ooit nodig hebben vandaag! <br \/>\r\nNet zoals: authentieke relaties, echt menselijk contact, nabijheid.<br \/>\r\nBiodanza biedt dit allemaal, en meer dan dat ! !<\/strong><\/center><\/div>\r\n<\/td>\r\n<\/tr>\r\n<tr>\r\n<td style=\"color: #993366;\" colspan=\"1\">\r\n<div style=\"text-align: justify;\">Kom het zelf ervaren tijdens het <strong>Biodanzafestival \u2018Groeien in verbinding\u2019<\/strong>, een feestelijk weekend vol verbinding, dans en levensvreugde, tijdens het Pinksterweekend van <span style=\"font-size: 120%;\"><strong>vrijdag 22 tot en met zondag 24 mei 2026<\/strong><\/span> in de Oude Abdij in Drongen, bij Gent.\r\n<\/div>\r\n<\/td>\r\n<\/tr>\r\n<tr>\r\n<td>\r\n<div class=\"centrer\"><a href=\"https:\/\/biodanza.be\/nl\/formulaire-inscription-festival-20-ans-v2\/\" target=\"_blank\" rel=\"noopener\"><button class=\"glow-on-hover\" role=\"button\" type=\"button\"><span style=\"font-size: 2rem;\">\u00a0Ik wil erbij  zijn!\u00a0<\/span><\/button><\/a><\/div>\r\n<p><center><span style=\"font-size: 14pt;\"><strong>Inschrijven tem 8 mei 2026!<\/strong><\/span><\/center><\/p>\r\n<\/td>\r\n<\/tr>\r\n<\/tbody>\r\n<\/table>\r\n<div style=\"font-size: clamp(2rem, 2vw, 3rem); color: #996633; font-weight: bold;\">Het festival<\/div>\r\n<div>\r\n<table style=\"width: 100%;\" align=\"center\">\r\n<tbody>\r\n<tr>\r\n<td class=\"td-1\" style=\"text-align: center; border: 0px solid white;\">\r\n<div><center><img loading=\"lazy\" decoding=\"async\" class=\" wp-image-59074 \" src=\"https:\/\/biodanza.be\/wp-content\/uploads\/2026\/02\/Le-festival.jpg\" alt=\"\" width=\"457\" height=\"265\" \/><\/center><\/div>\r\n<\/td>\r\n<td class=\"td-2\" color: #993366;\">\r\n<div style=\"text-align: justify;\" >\r\n<p>Zo\u2019n 25 jaar geleden kwam Biodanza naar Belgi\u00eb. Heel snel verenigden de eerste leraars zich. Bedoeling was en is: is de affectieve band tussen leraars te versterken, Biodanza meer bekendheid te geven en leraren te ondersteunen bij de uitoefening van hun activiteiten.<\/p>\r\n<p>Tijdens het festival, naar aanleiding van de 20ste verjaardag van de vereniging, zullen we vieren, verbinden, inspireren, samen met collega\u2019s, Biodanza liefhebbers en nieuwsgierigen.\r\n<\/p>\r\n<\/div>\r\n<\/td>\r\n<\/tr>\r\n<\/tbody>\r\n<\/table>\r\n<\/div>\r\n<div style=\"font-size: clamp(2rem, 2vw, 3rem); color: #996633; font-weight: bold;\">Programma<\/div>\r\n<div>\r\n<table style=\"width: 100%;\">\r\n<tbody>\r\n<tr>\r\n<td style=\"color: #993366;\">\r\n<h4>Het volledige programma voor de drie festivaldagen is <a href=\"https:\/\/biodanza.be\/nl\/programme-festiv\/\" target=\"_blank\" rel=\"noopener\"><span style=\"font-size: 120%; color: blue;\">hier<\/span><\/a> te vinden.<\/h4>\r\n<p class=\"western\"><span lang=\"fr-BE\">Biodanza facilitatoren en studenten zijn welkom vanaf vrijdagavond 22 mei, 17.00, om samen te eten en daarna te dansen. Op zaterdag kan je deelnemen aan boeiende lezingen over onder meer ethiek, hoe omgaan met trauma bij je deelnemers en de overdraagbaarheid van Biodanza naar het dagelijks leven. Een bijpassende vivencia biedt de kans om de aangereikte inzichten ook lichamelijk te integreren.<\/span><\/p>\r\n<p style=\"text-align: justify;\">Bekijk het <a href=\"https:\/\/biodanza.be\/wp-content\/uploads\/2026\/04\/Programma-Festival-20-jaar-leraren.pdf\" target=\"_blank\" rel=\"noopener\"><span style=\"font-size: 120%; color: blue;\">programma voor leraren<\/span><\/a> en schrijf je in.<\/p>\r\n<p class=\"western\"><span lang=\"fr-BE\">Vanaf zaterdagavond is iedereen met Biodanza ervaring welkom, na het avondmaal, vanaf 19 u, om samen te dansen. Er zal keuze zijn uit twee vivencia\u2019s.<\/span><\/p>\r\n<p class=\"western\"><span lang=\"fr-BE\">Zondag staat open voor iedereen, m\u00e9t of zonder Biodanza ervaring, en er is keuze uit zes vivencia\u2019s met diverse thema\u2019s. Zondagnamiddag kunnen ook kinderen meedansen in een vivencia voor families. Na een vieruurtje sluiten we af met een gezamenlijke vivencia, bij mooi weer in de tuin van de abdij. Klik hier voor een overzicht van <a href=\"https:\/\/biodanza.be\/wp-content\/uploads\/2026\/04\/Programma-Festival-20-jaar-iedereen-NL.pdf\" target=\"_blank\" rel=\"noopener\"><span style=\"font-size: 120%; color: blue;\">het programma voor iedereen<\/span><\/a>.<\/p>\r\n<p class=\"western\"><span lang=\"fr-BE\">Doorlopend zal er een marktje zijn met boeken, Biodanza gadgets, danskledij&#8230;<\/span><\/p>\r\n<p>Wie wenst kan zelf nog een overnachting bijboeken en op Pinkstermaandag Gent of de Belgische kust ontdekken. Hiervoor contacteer je rechtstreeks de locatie: <a href=\"&#x6d;&#97;i&#x6c;&#x74;&#111;:&#x72;&#x65;&#115;e&#x72;&#118;a&#x74;&#x69;&#101;&#64;&#x6f;&#x75;&#100;e&#x61;&#98;&#100;&#x69;&#x6a;&#46;b&#x65;\"><span style=\"font-size: 120%; color: blue;\">&#x72;&#x65;&#x73;&#x65;&#x72;&#x76;&#97;&#116;&#105;&#101;&#64;oud&#x65;&#x61;&#x62;&#x64;&#x69;&#x6a;&#46;&#98;&#101;<\/span><\/a>.<br \/>\r\nBezoek <a href=\"https:\/\/visit.gent.be\/nl\" target=\"_blank\" rel=\"noopener\"><span style=\"font-size: 120%; color: blue;\">Gent<\/span><\/a> charmant, historisch en pittig eigentijds.<\/p>\r\n<\/td>\r\n<\/tr>\r\n<\/tbody>\r\n<\/table>\r\n<\/div>\r\n<div style=\"font-size: clamp(2rem, 2vw, 3rem); color: #996633; font-weight: bold;\">Praktische info<\/div>\r\n<div>\r\n<table style=\"width: 100%;\">\r\n<tbody>\r\n<tr>\r\n<td style=\"color: #993366; text-align: justify;\" colspan=\"2\"><strong>Waar vindt het festival plaats?<\/strong><br \/>\r\nHet festival vindt plaats op de prachtige locatie van de <a href=\"https:\/\/www.oudeabdij.be\/\" target=\"_blank\" rel=\"noopener\"><span style=\"font-size: 120%; color: blue;\">Oude Abdij Drongen<\/span><\/a>, te midden van een mooie tuin en vlak bij de Leie.<br \/>\r\n<\/td>\r\n<\/tr>\r\n<tr>\r\n<td style=\"width: 50%;\">\r\n<center><img loading=\"lazy\" decoding=\"async\" class=\" wp-image-59074 \" src=\"https:\/\/biodanza.be\/wp-content\/uploads\/2026\/02\/Abdij-Drongen-buitenkant.jpg\" alt=\"\" width=\"450\" height=\"337\" \/><\/center>\r\n<\/td>\r\n<td style=\"width: 50%;\">\r\n<center><img loading=\"lazy\" decoding=\"async\" class= \"wp-image-59074\" src=\"https:\/\/biodanza.be\/wp-content\/uploads\/2026\/02\/Jardin-Abbaye.jpg\" alt=\"\" width=\"450\" height=\"337\" \/><\/center>\r\n<\/td>\r\n<\/tr>\r\n<tr>\r\n<td colspan=\"2\">\r\n<strong>Hoe kom je er?<\/strong><br \/>\r\nDe Abdij is zowel met het openbaar vervoer als met de auto makkelijk bereikbaar: <a href=\"https:\/\/www.oudeabdij.be\/reisroute.html\" target=\"_blank\" rel=\"noopener\"><span style=\"font-size: 120%; color: blue;\">Meer informatie hier<\/span><\/a> of bekijk de <a href=\"https:\/\/www.google.ca\/maps\/@51.0516465,3.6626101,15z?hl=fr&#038;entry=ttu&#038;g_ep=EgoyMDI2MDIyMy4wIKXMDSoASAFQAw%3D%3D\" target=\"_blank\" rel=\"noopener\"><span style=\"font-size: 120%; color: blue;\">kaart<\/span><\/a>. Kom je met de wagen, probeer dan te carpoolen.<br \/>\r\n<\/p>\r\n<p><strong>Hoe zijn maaltijden en verblijf georganiseerd?<\/strong><br \/>\r\nIn je inschrijfformulier geef je aan welke dag(en) je komt. Maaltijden, koffie, thee, water zijn steeds inbegrepen in de prijs. Eigen eten meenemen is niet toegelaten.<\/p><\/td>\r\n<\/tr>\r\n<tr>\r\n<td class=\"td-3\" style=\"text-align: center; border: 0px solid white;\">\r\n<img decoding=\"async\" class=\" wp-image-59074 \" src=\"https:\/\/biodanza.be\/wp-content\/uploads\/2026\/02\/Buffet.jpg\" alt=\"\" width= \"auto\" \/>\r\n<\/td>\r\n<td class=\"td-4\" style=\"text-align: justify;\">\r\n<p>De maaltijden worden ter plaatse vers bereid met duurzame ingredi\u00ebnten. Ontbijt (enkel indien je een overnachting boekt) en avondmaal zijn in buffetvorm, het warm middagmaal bestaat uit soep, hoofdgerecht, dessert, water en tafelbier. Indien je vegetarisch wenst te eten of allergie\u00ebn hebt, kan je dit bij je inschrijving aangeven.<\/p>\r\n<\/td>\r\n<\/tr>\r\n<tr>\r\n<td class=\"td-4\" style=\"text-align: justify; border: 0px solid white;\">\r\n<p>Als je meerdere dagen komt kan je \u00e9\u00e9n of twee overnachtingen boeken in de Oude Abdij. We verblijven in comfortabele \u00e9\u00e9n-of tweepersoonskamers, naar keuze. Indien je een kamer met iemand wil delen, geef dan aan met wie. Alle kamers beschikken over eigen sanitair. Lakens zijn aanwezig, alleen handdoeken breng je zelf mee. <\/p>\r\n<\/td>\r\n<td class=\"td-3\" style=\"text-align: center; border: 0px solid white;\">\r\n<img decoding=\"async\" class=\" wp-image-59074 \" src=\"https:\/\/biodanza.be\/wp-content\/uploads\/2026\/02\/Chambre-Abbaye.jpg\" alt=\"\" width= \"auto\" \/>\r\n<\/td>\r\n<\/tr>\r\n<tr>\r\n<td colspan=\"2\">\r\n<strong>Meebrengen<\/strong><br\/ ><\/p>\r\n<ul>\r\n<li>Danskledij<\/li>\r\n<li>Kussen of dekentje om op te zitten<\/li>\r\n<li>Flesje water voor tijdens het dansen<\/li>\r\n<li>Schrijfgerief<\/li>\r\n<li>Toiletspullen<\/li>\r\n<li>Handdoeken<\/li>\r\n<\/ul>\r\n<div><center><span style=\"font-size: 14pt;\"><strong>\ud83d\udc49 \u00a0\u00a0Alle conferenties en alle vivencia\u2019s worden vertaald naar Frans en Nederlands.<\/strong><\/center><\/div>\r\n<div class=\"centrer\"><a href=\"https:\/\/biodanza.be\/nl\/formulaire-inscription-festival-20-ans-v2\/\" target=\"_blank\" rel=\"noopener\"><button class=\"glow-on-hover\" role=\"button\" type=\"button\"><span style=\"font-size: 2rem;\">\u00a0Ik doe mee!\u00a0<\/span><\/button><\/a><\/div>\r\n<\/td>\r\n<\/tr>\r\n<\/tbody>\r\n<\/table>\r\n<\/div>\r\n<div style=\"font-size: clamp(2rem, 2vw, 3rem); color: #996633; font-weight: bold;\">Prijzen<\/div>\r\n<div>\r\n<table class=\"table-prix\" style=\"color: firebrick;\">\r\n<tbody>\r\n<tr>\r\n<td style=\"color: #993366;\" colspan=\"5\"><center><strong>EARLY BIRD tarief tem 31 maart!<\/strong><\/center><br \/>\r\nLeden van de Belgische vereniging van Biodanza leraren of van de VBN krijgen korting.<br \/>\r\nVraag aan je wekelijkse Biodanzaleraar de PROMOCODE en krijg 10% korting voor je deelname op zondag.<br \/>\r\nVivencia op zaterdagavond is GRATIS als je ook zondag komt.<\/td>\r\n<\/tr>\r\n<tr>\r\n<td><strong>Dag<\/strong><\/td>\r\n<td><strong>Leden Biodanza.be Early Bird<\/strong><\/td>\r\n<td><strong>Leden Biodanza.be Normaal tarief<\/strong><\/td>\r\n<td><strong>Niet leden Early Bird<\/strong><\/td>\r\n<td><strong>Niet leden Normaal Tarief<\/strong><\/td>\r\n<\/tr>\r\n<tr>\r\n<td>Vrijdagavond  (met avondmaal)<\/td>\r\n<td>15 \u20ac<\/td>\r\n<td>25 \u20ac<\/td>\r\n<td>20 \u20ac<\/td>\r\n<td>30 \u20ac<\/td>\r\n<\/tr>\r\n<tr>\r\n<td>Zaterdag (met lunch en avondmaal)<\/td>\r\n<td>55 \u20ac<\/td>\r\n<td>65 \u20ac<\/td>\r\n<td>80 \u20ac<\/td>\r\n<td>90 \u20ac<\/td>\r\n<\/tr>\r\n<tr>\r\n<td>Zondag (met lunch en vieruurtje)<\/td>\r\n<td>55 \u20ac<\/td>\r\n<td>65 \u20ac<\/td>\r\n<td>80 \u20ac <br \/><span style=\"font-size: 1.1rem; color: black;\">(-10% PROMOCODE)<\/span><\/td>\r\n<td>90 \u20ac <br \/><span style=\"font-size: 1.1rem; color: black;\">(-10% PROMOCODE)<\/span><\/td>\r\n<\/tr>\r\n<tr>\r\n<td>Volledig weekend (10\u20ac korting)<\/td>\r\n<td>115 \u20ac<\/td>\r\n<td>145 \u20ac<\/td>\r\n<td>170 \u20ac<\/td>\r\n<td>200 \u20ac<\/td>\r\n<\/tr>\r\n<tr>\r\n<td>Zondagnamiddag (enkel voor families)<\/td>\r\n<td style=\"text-align: center;\" colspan=\"4\">40 \u20ac per volwassene + 5 \u20ac per kind<\/td>\r\n<\/tr>\r\n<tr>\r\n<td>Overnachting met ontbijt<\/td>\r\n<td style=\"text-align: center;\" colspan=\"4\">60 \u20ac \/persoon \/nacht in tweepersoonskamer, 75 \u20ac \/persoon \/nacht in \u00e9\u00e9npersoonskamer<\/td>\r\n<\/tr>\r\n<\/tbody>\r\n<\/table>\r\n<\/div>\r\n<div style=\"font-size: clamp(2rem, 2vw, 3rem); color: #996633; font-weight: bold;\">Veelgestelde vragen<\/div>\r\n<div>\r\n<table style=\"width: 100%; color: firebrick;\">\r\n<tbody>\r\n<tr>\r\n<td>\r\n<section>\r\n<div>\r\n<details>\r\n<summary><strong>Kan ik ook \u00e9\u00e9n dag komen?<\/strong><\/summary>\r\n<p>Ja hoor!<br \/>\r\nAls deelnemer-niet leraar kan je er voor opteren niet op zaterdagavond toe te komen, maar op zondagochtend. Leraars kunnen indien ze dat wensen enkel op zaterdag of op zondag komen.<\/p>\r\n<\/details>\r\n<details>\r\n<summary><strong>Is het evenement toegankelijk voor beginners?<\/strong><\/summary>\r\n<p>Zondag staat open voor zowel beginners als voor wie al Biodanza ervaring heeft. Zowel in de voormiddag als in de namiddag is er telkens keuze uit drie vivencia\u2019s (lees: danssessies), waaronder \u00e9\u00e9n voor beginners.<\/p>\r\n<\/details>\r\n<details>\r\n<summary><strong>Wat als ik moet annuleren?<\/strong><\/summary>\r\n<p>We hopen natuurlijk dat dit niet nodig zal zijn, maar als dat wel het geval is, zijn dit de <a href=\"https:\/\/biodanza.be\/wp-content\/uploads\/2026\/02\/Annuleringsvoorwaarden-Festival-20-jaar-Belgische-Biodanzavereniging-2.pdf\" target=\"_blank\" rel=\"noopener\"><span style=\"font-size: 120%; color: blue;\">voorwaarden<\/span><\/a>.<\/p>\r\n<\/details>\r\n<details>\r\n<summary><strong>Mag ik kinderen meebrengen?<\/strong><\/summary>\r\n<p>Ja hoor, vanaf zondagnamiddag zijn kinderen welkom, ze kunnen mee deelnemen aan de vivencia\/danssessie voor families, \u00e9n aan de slotdanssessie. Voor families geldt een speciaal tarief: 40\u20ac per volwassene en 5\u20ac per kind.<\/p>\r\n<\/details>\r\n<details>\r\n<summary><strong>Drie vivencia\u2019s op zondag, is dat niet wat veel?<\/strong><\/summary>\r\n<p>Vivencia\u2019s\/danssessies zijn zo opgebouwd dat ze zowel een actief als een rustig deel hebben, en een organische curve volgen. Een vivencia in de voormiddag, en een in de namiddag kan perfect! Je kan daarbij telkens het thema kiezen dat je het meeste aanspreekt. De slotvivencia zal kort maar krachtig zijn. Lijkt het je toch van het goede teveel, dan kan je gewoon wat rusten, een wandelingetje maken langs de Leie\u2026 <\/p>\r\n<\/details>\r\n<details>\r\n<summary><strong>Zijn er vegetarische maaltijden?<\/strong><\/summary>\r\n<p>Ja, die zijn er, dit kan je aangeven op het inschrijvingsformulier.<\/p>\r\n<\/details>\r\n<p>Heb je andere vragen? Mail ons dan op <a href=\"&#109;&#x61;&#105;&#x6c;t&#x6f;:&#66;&#x69;&#111;&#x64;a&#x6e;z&#97;&#x62;&#101;&#x32;0&#x79;&#64;&#103;&#x6d;&#97;&#x69;l&#x2e;c&#111;&#x6d;\"><span style=\"font-size: 120%; color: blue;\">&#66;&#x69;&#x6f;d&#97;&#x6e;z&#97;&#x62;&#x65;2&#48;&#x79;&#64;&#103;&#x6d;&#x61;i&#108;&#x2e;c&#111;&#x6d; <\/span><\/a>. We antwoorden je zo snel mogelijk.<br \/>\r\nVolg ons op <a href=\"https:\/\/www.facebook.com\/groups\/biodanza.belgique\/\" target=\"_blank\" rel=\"noopener\"><span style=\"font-size: 120%; color: blue;\">Facebook<\/span><\/a> .<\/p>\r\n<\/details>\r\n<\/div>\r\n<\/section>\r\n<\/td>\r\n<\/tr>\r\n<\/tbody>\r\n<\/table>\r\n<\/div>\r\n<\/div>\r\n","protected":false},"excerpt":{"rendered":"{:nl} Verbinding, warmte, liefde, vertrouwen dat is wat we meer dan ooit nodig hebben vandaag! Net zoals: authentieke relaties, echt menselijk contact, nabijheid. Biodanza biedt dit allemaal, en meer dan dat ! ! Kom het zelf ervaren tijdens het Biodanzafestival \u2018Groeien in verbinding\u2019, een feestelijk weekend vol verbinding, dans en levensvreugde, tijdens het Pinksterweekend van [&hellip;]","protected":false},"author":96,"featured_media":0,"parent":0,"menu_order":0,"comment_status":"closed","ping_status":"closed","template":"","meta":{"ocean_post_layout":"","ocean_both_sidebars_style":"","ocean_both_sidebars_content_width":0,"ocean_both_sidebars_sidebars_width":0,"ocean_sidebar":"0","ocean_second_sidebar":"0","ocean_disable_margins":"enable","ocean_add_body_class":"","ocean_shortcode_before_top_bar":"","ocean_shortcode_after_top_bar":"","ocean_shortcode_before_header":"","ocean_shortcode_after_header":"","ocean_has_shortcode":"","ocean_shortcode_after_title":"","ocean_shortcode_before_footer_widgets":"","ocean_shortcode_after_footer_widgets":"","ocean_shortcode_before_footer_bottom":"","ocean_shortcode_after_footer_bottom":"","ocean_display_top_bar":"default","ocean_display_header":"default","ocean_header_style":"","ocean_center_header_left_menu":"0","ocean_custom_header_template":"0","ocean_custom_logo":0,"ocean_custom_retina_logo":0,"ocean_custom_logo_max_width":0,"ocean_custom_logo_tablet_max_width":0,"ocean_custom_logo_mobile_max_width":0,"ocean_custom_logo_max_height":0,"ocean_custom_logo_tablet_max_height":0,"ocean_custom_logo_mobile_max_height":0,"ocean_header_custom_menu":"0","ocean_menu_typo_font_family":"0","ocean_menu_typo_font_subset":"","ocean_menu_typo_font_size":0,"ocean_menu_typo_font_size_tablet":0,"ocean_menu_typo_font_size_mobile":0,"ocean_menu_typo_font_size_unit":"px","ocean_menu_typo_font_weight":"","ocean_menu_typo_font_weight_tablet":"","ocean_menu_typo_font_weight_mobile":"","ocean_menu_typo_transform":"","ocean_menu_typo_transform_tablet":"","ocean_menu_typo_transform_mobile":"","ocean_menu_typo_line_height":0,"ocean_menu_typo_line_height_tablet":0,"ocean_menu_typo_line_height_mobile":0,"ocean_menu_typo_line_height_unit":"","ocean_menu_typo_spacing":0,"ocean_menu_typo_spacing_tablet":0,"ocean_menu_typo_spacing_mobile":0,"ocean_menu_typo_spacing_unit":"","ocean_menu_link_color":"","ocean_menu_link_color_hover":"","ocean_menu_link_color_active":"","ocean_menu_link_background":"","ocean_menu_link_hover_background":"","ocean_menu_link_active_background":"","ocean_menu_social_links_bg":"","ocean_menu_social_hover_links_bg":"","ocean_menu_social_links_color":"","ocean_menu_social_hover_links_color":"","ocean_disable_title":"default","ocean_disable_heading":"default","ocean_post_title":"","ocean_post_subheading":"","ocean_post_title_style":"","ocean_post_title_background_color":"","ocean_post_title_background":0,"ocean_post_title_bg_image_position":"","ocean_post_title_bg_image_attachment":"","ocean_post_title_bg_image_repeat":"","ocean_post_title_bg_image_size":"","ocean_post_title_height":0,"ocean_post_title_bg_overlay":0.5,"ocean_post_title_bg_overlay_color":"","ocean_disable_breadcrumbs":"default","ocean_breadcrumbs_color":"","ocean_breadcrumbs_separator_color":"","ocean_breadcrumbs_links_color":"","ocean_breadcrumbs_links_hover_color":"","ocean_display_footer_widgets":"default","ocean_display_footer_bottom":"default","ocean_custom_footer_template":"0","footnotes":""},"imc_layers":[],"imc_icons":[],"class_list":["post-60500","page","type-page","status-publish","hentry","entry"],"translation":{"provider":"WPGlobus","version":"3.0.2","language":"nl","enabled_languages":["fr","nl"],"languages":{"fr":{"title":true,"content":true,"excerpt":false},"nl":{"title":true,"content":true,"excerpt":false}}},"imc_loc":"","imc_img_tag":null,"_links":{"self":[{"href":"https:\/\/biodanza.be\/nl\/wp-json\/wp\/v2\/pages\/60500","targetHints":{"allow":["GET"]}}],"collection":[{"href":"https:\/\/biodanza.be\/nl\/wp-json\/wp\/v2\/pages"}],"about":[{"href":"https:\/\/biodanza.be\/nl\/wp-json\/wp\/v2\/types\/page"}],"author":[{"embeddable":true,"href":"https:\/\/biodanza.be\/nl\/wp-json\/wp\/v2\/users\/96"}],"replies":[{"embeddable":true,"href":"https:\/\/biodanza.be\/nl\/wp-json\/wp\/v2\/comments?post=60500"}],"version-history":[{"count":224,"href":"https:\/\/biodanza.be\/nl\/wp-json\/wp\/v2\/pages\/60500\/revisions"}],"predecessor-version":[{"id":61979,"href":"https:\/\/biodanza.be\/nl\/wp-json\/wp\/v2\/pages\/60500\/revisions\/61979"}],"wp:attachment":[{"href":"https:\/\/biodanza.be\/nl\/wp-json\/wp\/v2\/media?parent=60500"}],"wp:term":[{"taxonomy":"imc-layer","embeddable":true,"href":"https:\/\/biodanza.be\/nl\/wp-json\/wp\/v2\/imc_layers?post=60500"},{"taxonomy":"imc-icon","embeddable":true,"href":"https:\/\/biodanza.be\/nl\/wp-json\/wp\/v2\/imc_icons?post=60500"}],"curies":[{"name":"wp","href":"https:\/\/api.w.org\/{rel}","templated":true}]}}