{"id":61530,"date":"2026-03-15T18:01:51","date_gmt":"2026-03-15T17:01:51","guid":{"rendered":"https:\/\/biodanza.be\/?page_id=61530"},"modified":"2026-03-15T18:01:51","modified_gmt":"2026-03-15T17:01:51","slug":"programme-prof-nl-test","status":"publish","type":"page","link":"https:\/\/biodanza.be\/nl\/programme-prof-nl-test\/","title":{"rendered":"Programme-prof-nl-test"},"content":{"rendered":" Programma Festival 20 jaar Biodanza.be\r\nVrijdagavond\r\n\r\n20:00 \u2013 22:00 Feestelijke openingsvivencia \u201cGroeien in verbinding\u201d\r\n\r\nGefaciliteerd door het organiserend comit\u00e9: Martine, Oc\u00e9ane, Beno\u00eet, An en Els\r\n\r\nToegankelijk voor facilitatoren en studenten\r\nZaterdagvoormiddag\r\n\r\n9:30 \u2013 10:00 Introductie\r\nEthiek en deontologie: actualiteiten binnen de beweging (overeenkomst van samenleven, richtlijnen bij misbruik, enz.)\r\n\r\nDoor Oc\u00e9ane Noircl\u00e8re, facilitator in Brussel\r\n\r\n\r\n\r\n10:00 \u2013 10:45 Kennisdeling\r\nWat zouden Biodanza leraren moeten weten over trauma\u2019s?\r\nWat is onze verantwoordelijkheid ten opzichte van deelnemers?\r\nWelke houding nemen we aan als facilitator?\r\n\r\nDoor Sylviane Legros, arts-psychiater en didact, opgeleid aan de Brusselse school\r\n\r\n\r\n\r\n11:15 \u2013 12:00 Kennisdeling\r\nDe tegenoverdracht van leraren ten aanzien van hun leerlingen \u2013 valkuilen, ontsporingen en remedies\r\n\r\nDoor Lidwine Arendt, klinisch seksuologe, vicevoorzitter van de Soci\u00e9t\u00e9 des Sexologues Universitaires de Belgique (SSUB)\r\n\r\nHet tegentransfer in de leraar-leerlingrelatie: hoe dit te beheren om het een kans tot groei te maken. We zullen onderzoeken wat er gebeurt in de relatie tussen de begeleider en de groep: hoe onze emoties, affiniteiten of kwetsbare plekken onze manier van begeleiden kunnen be\u00efnvloeden. We zullen bekijken hoe we deze innerlijke bewegingen, vaak gerelateerd aan de angsten van de rol van \u201cdegene die overdraagt\u201d, kunnen herkennen en benutten als een hulpbron ten dienste van de deelnemer en de groep.\r\n\r\n\r\n\r\nZaterdagnamiddag\r\n\r\n14:00-16:00 VIVENCIA \u2018Ethiek in actie\u201d\r\n\r\nGefaciliteerd door Agatha Sinkovec, didact, afgestudeerd aan de school van Li\u00e8ge en Inge Struyf, directrice van de Vlaamse Biodanzaschool.\r\n\r\n\r\n\r\nHoe kunnen we als Biodanza-facilitator het vertrouwen dat de deelnemers ons schenken, eren? \r\n\r\nHoe kunnen we verantwoorde en bewuste keuzes maken in onze manier van leven en faciliteren? \r\n\r\nIn deze vivencia zullen we  relationele ethiek verdiepen als levend kompas voor onze facilitering. Deze ethiek wortelt in de protovivencia van affectiviteit ...  en we kunnen deze eigenschap ons hele leven lang ontwikkelen. \r\n\r\nDe uitnodiging is om te faciliteren en samen te dansen vanuit onze integriteit in een belichaamde ethiek. \r\n\r\nToegankelijk voor facilitatoren en studenten\r\n\r\n16:30-17:15 Ervaringsdeling\r\nBiodanza met oncologische pati\u00ebnten: het bevorderen van de expressie van het intense verlangen om te leven.\r\n\r\nDoor Anne Dossin, facilitator in Luik en ervaringsdeskundige in het dansen met oncologische pati\u00ebnten\r\n\r\n17:15 \u2013 18:00 Ervaringsdeling\r\n\r\nNa de vivencia: biocentrisme in het dagelijks leven \u2013 hoe je als facilitator de vertaling van de in Biodanza beleefde ervaring naar het dagelijks leven kunt bevorderen \u2013 tien methodologische aanbevelingen.\r\n\r\nDoor Christophe Henry, facilitator in de Dr\u00f4me, opgeleid aan de school van Bourgogne. Hij wijdde zijn monografie aan dit onderwerp.\r\n\r\nZaterdagavond 20-22u\r\n\r\nVIVENCIA - \u201cDe solidariteit onderhouden \u2026 met een open hart\u201d\r\n\r\nDoor Boris Marque, didact, facilitator in Charleroi en Laura Breugelmans, facilitator in Genk.\r\n\r\nWe zijn allemaal E\u00e9n. Onze individuele keuzes en acties hebben invloed op het collectief. En omgekeerd. Biodanza staat ten dienste van de mens, en de facilitators zijn de schakels van deze beweging. Wanneer we ervoor kiezen om samen te bouwen \u2026 kiezen we voor affectiviteit en gaan we in de richting van het leven: verbinding en solidariteit. In dit luisteren met het hart wordt de ontmoeting een wederzijdse steun, waarin ieder kan groeien dankzij de aanwezigheid van de ander. En zo samen groeien en de beweging laten groeien \u2026 met diversiteit als rijke en vruchtbare voedingsbodem. Zegt men in Belgi\u00eb niet: eendracht maakt macht?\r\n\r\nEen droom alleen is slechts een droom. Een gedeelde droom wordt werkelijkheid.\r\n\r\nToegankelijk voor facilitatoren en studenten\r\n\r\n\r\n\r\nVIVENCIA BIO-INTEGREREND CONTACT\r\nDoor Mich\u00e8le de Moor en Simone Loffet, leraren en didactici, beiden opgeleid in de extensie Biodanza, contact en bio-integrerende massage, een specialisatie ontwikkeld door Sandra Salmaso.\r\n\r\nAfbeelding 3\r\n\r\nWij hebben de wens om u dit basisinstinct te laten ervaren, essentieel voor het leven en diep verankerd in de menselijke natuur: het geven en ontvangen van fysiek contact met aandacht, respect en affectiviteit. Een \u201cgoed contact\u201d, zoals Sandra het noemt.\r\n\r\nTijdens deze vivencia nodigen wij u uit om de drie basistypen van aanraking te ontdekken en de drie niveaus van huidpermeabiliteit te verkennen.\r\n\r\nToegankelijk voor iedereen met Biodanza ervaring\r\nZondagvoormiddag 10\u201312u\r\n\r\n\r\n\r\nVivencia \u201cGenietvol lijf, liefdevol hart\u201d\r\n\r\nDoor Francoise Masset, didact, facilitator in Meise en Wemmel en Karel Hermans, facilitator in Antwerpen en Turnhout\r\n\r\nAfbeelding 1970810183\r\n\r\nOnze vivencia nodigt je uit :\r\n\r\nOm volop te voelen en aanwezig te zijn in je lichaam.\r\n\r\nOm intens te durven genieten en de vreugde van het genieten in jezelf toe te laten.\r\n\r\nOm je hart te openen met zachtheid en liefde, jouw liefde te laten stromen.\r\n\r\nOm je mooie authentieke zelf te zijn en je warmte, genegenheid en tederheid met elkaar te delen.\r\n\r\n\r\n\r\nToegankelijk voor iedereen met Biodanza ervaring\r\n\r\n\r\n\r\nVivencia Creativiteit \u2013 \u201cDe kunstenaar in jou\u201d\r\n\r\nDoor Olga Bosman en Gaston Desmet, facilitatoren in Gent\r\n\r\n\r\n\r\n\"Elk kind is een kunstenaar, de vraag is hoe we een kunstenaar kunnen blijven als we volwassen zijn\" - Pablo Picasso\r\n\r\nGraag nemen we jullie mee terug naar het kind dat een kunstenaar in zich draagt, dat een unieke creatieve onschuld bezit.\r\n\r\nToegankelijk voor iedereen\r\n\r\n\r\n\r\nVivencia \u201cTranscendentie belichamen\u201d\r\n\r\nDoor Virginie Reina, facilitator in Brugge, en Annick Buysse, facilitator onder supervisie.\r\n\r\nWe nodigen jullie uit om te verbinden met onze essentie en de diepe stralende kracht van Liefde en Licht. We zijn kinderen van de aarde\u2026 en van de sterren! De aarde heeft ons het beste te bieden en we gaan het dansen en beleven. Alles om ons heen is een mogelijke bron van verwondering dus laat je meenemen in de magie van het leven en voel hoe diep je hart is, in verbinding met jezelf, de anderen en alles wat leeft. Liefde is veel groter dan de liefde die wij voor onze naasten voelen! Van harte welkom.\r\n\r\nToegankelijk voor iedereen met Biodanza-ervaring\r\nZondagnamiddag 14-16u\r\n\r\nVIVENCIA \u201cVeerkracht of de kunst om weer op te staan met hernieuwde kracht\u201d\r\n\r\nDoor Andrea Jost, facilitator in B\u00fctgenbach en Carine Jacmart, didact, facilitator in Verviers\r\n\r\n\r\n\r\nTijdens deze vivencia nodigen we je uit om je (opnieuw) te verbinden met dit fascinerende vermogen om moeilijkheden te overwinnen, je aan te passen aan veranderingen en jezelf weer op te bouwen na beproevingen.\r\n\r\nVeerkracht is een combinatie van innerlijke kracht, mentale soepelheid en lucide optimisme die het mogelijk maakt om obstakels om te zetten in kansen voor groei.\r\n\r\nToegankelijk voor iedereen met Biodanza ervaring\r\n\r\n\r\n\r\nVIVENCIA \u201cLevensvreugde\u201d\r\n\r\nDoor Paule Heinemann, facilitator in Vlezenbeek en Ukkel en Franceska Everaerts, facilitator in Leuven\r\n\r\nBiodanza is veel meer dan alleen maar dansen; het is een viering van het leven.\r\n\r\nElk voorstel wordt een dans van het leven; waarin we vreugde, creativiteit en harmonie opwekken.\r\n\r\nHet is een uitnodiging om volledig in het huidige moment op te gaan en de banden te versterken met jezelf en met de anderen.\r\n\r\nJe hoeft zelfs niet te kunnen dansen of pasjes te leren; laat je gewoon meeslepen door de muziek, jou beweging en de groep. \r\n\r\nToegankelijk voor iedereen\r\n\r\n\r\n\r\nFAMILIE VIVENCIA \u201cSchateiland\u201d\r\n\r\nDoor Robert Delbrouck, facilitator in Oostende en Cathy Hopchet, facilitator onder supervisie in Oostende\r\n\r\nEen boodschap in een fles wordt gevonden op het strand.\r\n\r\nDe boodschap nodigt ons uit om, dankzij onze magische superkrachten, naar een eiland te reizen om daar niet \u00e9\u00e9n maar meerdere schatten te ontdekken.\r\n\r\nEen mooie ontmoeting zal ons helpen te weten hoe en waar we moeten zoeken.\r\n\r\nHet avontuur is buitengewoon. We gaan het beleven!\r\n\r\nEen warm en vrolijk familie-avontuur, om samen te delen met je kinderen, kleinkinderen, ouders, grootouders en wie er verder nog bij jullie familie hoort.\r\n\r\n\r\n\r\nToegankelijk voor families\r\n\r\n\r\n\r\nVIVENCIA \u201cEen dansende meditatie van het leven\u201d *\r\n\r\nDoor Alain Lauwaert, didact, facilitator in Charleroi, en Inge Struyf , didact, directrice van de Vlaamse Biodanzaschool. \r\n\r\nAfbeelding 432899302\r\n\r\n\r\n\r\nDeze vivencia is een uitnodiging om ons open te stellen voor alles wat ons verbindt met de wereld, ook voor haar schoonheid en haar licht. Door dit deel van onszelf te introduceren als een \u2018voorwaarde\u2019 voor de ontmoeting met de ander en met de natuur, stellen we ons open voor verwondering en extase.\r\n\r\nLaten we het mysterie van het leven dansen!\r\n\r\n(*) Als het weer het toelaat, is het mogelijk dat we de natuur integreren in de vivencia en buiten dansen, in het park van de abdij.\r\n\r\nToegankelijk voor iedereen met Biodanza-ervaring\r\n\r\n\r\n\r\n\r\n\r\n","protected":false},"excerpt":{"rendered":"Programma Festival 20 jaar Biodanza.be Vrijdagavond 20:00 \u2013 22:00 Feestelijke openingsvivencia \u201cGroeien in verbinding\u201d Gefaciliteerd door het organiserend comit\u00e9: Martine, Oc\u00e9ane, Beno\u00eet, An en Els Toegankelijk voor facilitatoren en studenten Zaterdagvoormiddag 9:30 \u2013 10:00 Introductie Ethiek en deontologie: actualiteiten binnen de beweging (overeenkomst van samenleven, richtlijnen bij misbruik, enz.) Door Oc\u00e9ane Noircl\u00e8re, facilitator in Brussel [&hellip;]","protected":false},"author":96,"featured_media":0,"parent":0,"menu_order":0,"comment_status":"closed","ping_status":"closed","template":"","meta":{"ocean_post_layout":"","ocean_both_sidebars_style":"","ocean_both_sidebars_content_width":0,"ocean_both_sidebars_sidebars_width":0,"ocean_sidebar":"0","ocean_second_sidebar":"0","ocean_disable_margins":"enable","ocean_add_body_class":"","ocean_shortcode_before_top_bar":"","ocean_shortcode_after_top_bar":"","ocean_shortcode_before_header":"","ocean_shortcode_after_header":"","ocean_has_shortcode":"","ocean_shortcode_after_title":"","ocean_shortcode_before_footer_widgets":"","ocean_shortcode_after_footer_widgets":"","ocean_shortcode_before_footer_bottom":"","ocean_shortcode_after_footer_bottom":"","ocean_display_top_bar":"default","ocean_display_header":"default","ocean_header_style":"","ocean_center_header_left_menu":"0","ocean_custom_header_template":"0","ocean_custom_logo":0,"ocean_custom_retina_logo":0,"ocean_custom_logo_max_width":0,"ocean_custom_logo_tablet_max_width":0,"ocean_custom_logo_mobile_max_width":0,"ocean_custom_logo_max_height":0,"ocean_custom_logo_tablet_max_height":0,"ocean_custom_logo_mobile_max_height":0,"ocean_header_custom_menu":"0","ocean_menu_typo_font_family":"0","ocean_menu_typo_font_subset":"","ocean_menu_typo_font_size":0,"ocean_menu_typo_font_size_tablet":0,"ocean_menu_typo_font_size_mobile":0,"ocean_menu_typo_font_size_unit":"px","ocean_menu_typo_font_weight":"","ocean_menu_typo_font_weight_tablet":"","ocean_menu_typo_font_weight_mobile":"","ocean_menu_typo_transform":"","ocean_menu_typo_transform_tablet":"","ocean_menu_typo_transform_mobile":"","ocean_menu_typo_line_height":0,"ocean_menu_typo_line_height_tablet":0,"ocean_menu_typo_line_height_mobile":0,"ocean_menu_typo_line_height_unit":"","ocean_menu_typo_spacing":0,"ocean_menu_typo_spacing_tablet":0,"ocean_menu_typo_spacing_mobile":0,"ocean_menu_typo_spacing_unit":"","ocean_menu_link_color":"","ocean_menu_link_color_hover":"","ocean_menu_link_color_active":"","ocean_menu_link_background":"","ocean_menu_link_hover_background":"","ocean_menu_link_active_background":"","ocean_menu_social_links_bg":"","ocean_menu_social_hover_links_bg":"","ocean_menu_social_links_color":"","ocean_menu_social_hover_links_color":"","ocean_disable_title":"default","ocean_disable_heading":"default","ocean_post_title":"","ocean_post_subheading":"","ocean_post_title_style":"","ocean_post_title_background_color":"","ocean_post_title_background":0,"ocean_post_title_bg_image_position":"","ocean_post_title_bg_image_attachment":"","ocean_post_title_bg_image_repeat":"","ocean_post_title_bg_image_size":"","ocean_post_title_height":0,"ocean_post_title_bg_overlay":0.5,"ocean_post_title_bg_overlay_color":"","ocean_disable_breadcrumbs":"default","ocean_breadcrumbs_color":"","ocean_breadcrumbs_separator_color":"","ocean_breadcrumbs_links_color":"","ocean_breadcrumbs_links_hover_color":"","ocean_display_footer_widgets":"default","ocean_display_footer_bottom":"default","ocean_custom_footer_template":"0","footnotes":""},"imc_layers":[],"imc_icons":[],"class_list":["post-61530","page","type-page","status-publish","hentry","entry"],"translation":{"provider":"WPGlobus","version":"3.0.2","language":"nl","enabled_languages":["fr","nl"],"languages":{"fr":{"title":true,"content":false,"excerpt":false},"nl":{"title":false,"content":true,"excerpt":false}}},"imc_loc":"","imc_img_tag":null,"_links":{"self":[{"href":"https:\/\/biodanza.be\/nl\/wp-json\/wp\/v2\/pages\/61530","targetHints":{"allow":["GET"]}}],"collection":[{"href":"https:\/\/biodanza.be\/nl\/wp-json\/wp\/v2\/pages"}],"about":[{"href":"https:\/\/biodanza.be\/nl\/wp-json\/wp\/v2\/types\/page"}],"author":[{"embeddable":true,"href":"https:\/\/biodanza.be\/nl\/wp-json\/wp\/v2\/users\/96"}],"replies":[{"embeddable":true,"href":"https:\/\/biodanza.be\/nl\/wp-json\/wp\/v2\/comments?post=61530"}],"version-history":[{"count":4,"href":"https:\/\/biodanza.be\/nl\/wp-json\/wp\/v2\/pages\/61530\/revisions"}],"predecessor-version":[{"id":61962,"href":"https:\/\/biodanza.be\/nl\/wp-json\/wp\/v2\/pages\/61530\/revisions\/61962"}],"wp:attachment":[{"href":"https:\/\/biodanza.be\/nl\/wp-json\/wp\/v2\/media?parent=61530"}],"wp:term":[{"taxonomy":"imc-layer","embeddable":true,"href":"https:\/\/biodanza.be\/nl\/wp-json\/wp\/v2\/imc_layers?post=61530"},{"taxonomy":"imc-icon","embeddable":true,"href":"https:\/\/biodanza.be\/nl\/wp-json\/wp\/v2\/imc_icons?post=61530"}],"curies":[{"name":"wp","href":"https:\/\/api.w.org\/{rel}","templated":true}]}}